{"id":1674,"date":"2021-12-10T12:06:47","date_gmt":"2021-12-10T11:06:47","guid":{"rendered":"https:\/\/test5.cart.sk\/?page_id=1674"},"modified":"2022-01-17T17:43:58","modified_gmt":"2022-01-17T16:43:58","slug":"bratislava","status":"publish","type":"page","link":"https:\/\/test5.cart.sk\/en\/bratislava\/","title":{"rendered":"Bratislava"},"content":{"rendered":"<div data-vc-full-width=\"true\" data-vc-full-width-init=\"false\" class=\"vc_row wpb_row vc_row-fluid vc_custom_1638988050030 vc_row-has-fill\"><div class=\"turbo-default-wrap\" ><div class=\"wpb_column vc_column_container vc_col-sm-12\"><div class=\"vc_column-inner\"><div class=\"wpb_wrapper\">\n\t<div class=\"wpb_text_column wpb_content_element\" >\n\t\t<div class=\"wpb_wrapper\">\n\t\t\t<h1><span style=\"color: #ffffff;\">Bratislava<\/span><\/h1>\n\n\t\t<\/div>\n\t<\/div>\n<\/div><\/div><\/div><\/div><\/div><div class=\"vc_row-full-width vc_clearfix\"><\/div><div class=\"vc_row wpb_row vc_row-fluid\"><div class=\"turbo-default-wrap\" ><div class=\"wpb_column vc_column_container vc_col-sm-12\"><div class=\"vc_column-inner\"><div class=\"wpb_wrapper\">\n\t<div class=\"wpb_text_column wpb_content_element\" >\n\t\t<div class=\"wpb_wrapper\">\n\t\t\t<h2>Autopo\u017ei\u010dov\u0148a Bratislava<\/h2>\n<p>Autopo\u017ei\u010dov\u0148a Letisko Bratislava | Kr\u00e1tkodob\u00fd pren\u00e1jom, Dlhodob\u00fd pren\u00e1jom, Rezerv\u00e1cia vozidiel v Bratislave.Mesto Bratislava je hlavn\u00e9 mesto Slovenska. Prehliadka \u201eBratislava a okolia\u201c alebo Pre\u0161pork s po\u017ei\u010dov\u0148ou \u00e1ut v Bratislave Sa-Cars.<\/p>\n<p>Bratislava, Slovensko m\u00e1 bohat\u00fa minulos\u0165 &#8211; \u00a0Dne\u0161n\u00e1 Bratislava \u010derpa z rozmanit\u00e9ho kult\u00farneho dedi\u010dstva, v\u010faka ktor\u00e9mu je vzru\u0161uj\u00facim cie\u013eom. S po\u017ei\u010dov\u0148ou \u00e1ut v Bratislave v\u00e1s poz\u00fdvame spozna\u0165 tri mesta v regi\u00f3ne &#8211; Bratislava, Pezinok a Michalovce. Nenechajte si ujs\u0165 Ko\u0161ice, Z\u00e1dielska ties\u0148ava, Turniansk\u00fd hrad, vinohradn\u00edcku oblas\u0165 Tokaj alebo Baratislavsk\u00e9 \u0160t\u00e1tn\u00e9 N\u00e1rodn\u00e9 Divadlo.<\/p>\n<p>S po\u017ei\u010dov\u0148ou \u00e1ut na Slovensku sa va\u0161e mo\u017enosti cestovania roz\u0161iruj\u00fa. Vydajte sa na jednod\u0148ov\u00e9 v\u00fdlety z Bratislavi do kraj\u00edn v\u00fdchodnej Eur\u00f3py, ktor\u00e9 \u010dakaj\u00fa hne\u010f za hranicami Slovenska, a vychutnajte si jazdu, ktor\u00e1 nastane pri pren\u00e1jme automobilu v Ko\u0161iciach s auropo\u017ei\u010dov\u0148ou Sa-Cars.<\/p>\n<p><strong>Viac inform\u00e1ci\u00ed na \u010d\u00edsle: <a href=\"tel: 421948844412\">+421 948 844 412<\/a>.<\/strong><\/p>\n<p>&nbsp;<\/p>\n<h2>CarRental Kosice<\/h2>\n<p>Car Rental Kosice | Short-term rental, Long-term rental, Vehicle reservation in Kosice. New Skoda cars for rent from 16, &#8211; \u20ac \/ day. Kosice is a metropolis of the East. Sightseeing of &#8220;Kosice and surroundings&#8221; or Abov with car rental in Kosice Sa-Cars.<\/p>\n<p>Kosice, Slovakia has a rich history &#8211; from the Celts to the Romans, from the Hungarians to the Turks; Today&#8217;s Kosice draws on a diverse cultural heritage, which makes it an exciting destination. With a car rental in Kosice we invite you to explore three cities in the region &#8211; Kosice, Trebisov and Michalovce. Do not miss Kosice, Zadielska gorge, Turniansky castle, wine-growing area Tokaj or Kosice State National Theater.<\/p>\n<p>With car rental in Slovakia, your travel options are expanding. Embark on one-day trips from Kosice to the countries of Eastern Europe, which are waiting just outside the borders of Slovakia, and enjoy a ride that occurs when you rent a car in Kosice with a car rental Sa-Cars.<\/p>\n<p><strong>For more information please contact us on number: <a href=\"tel: 421948844412\">+421 948 844 412<\/a>.<\/strong><\/p>\n\n\t\t<\/div>\n\t<\/div>\n<\/div><\/div><\/div><\/div><\/div>","protected":false},"excerpt":{"rendered":"Bratislava Autopo\u017ei\u010dov\u0148a Bratislava Autopo\u017ei\u010dov\u0148a Letisko Bratislava | Kr\u00e1tkodob\u00fd pren\u00e1jom, Dlhodob\u00fd pren\u00e1jom, Rezerv\u00e1cia vozidiel v Bratislave.Mesto Bratislava je hlavn\u00e9 mesto Slovenska. Prehliadka \u201eBratislava a okolia\u201c alebo Pre\u0161pork s po\u017ei\u010dov\u0148ou \u00e1ut v Bratislave Sa-Cars. Bratislava, Slovensko m\u00e1 bohat\u00fa minulos\u0165 - \u00a0Dne\u0161n\u00e1 Bratislava \u010derpa z rozmanit\u00e9ho kult\u00farneho dedi\u010dstva, v\u010faka ktor\u00e9mu je vzru\u0161uj\u00facim cie\u013eom. S po\u017ei\u010dov\u0148ou \u00e1ut v Bratislave [...]","protected":false},"author":1,"featured_media":0,"parent":0,"menu_order":0,"comment_status":"closed","ping_status":"closed","template":"","meta":{"footnotes":""},"class_list":["post-1674","page","type-page","status-publish","hentry"],"_links":{"self":[{"href":"https:\/\/test5.cart.sk\/en\/wp-json\/wp\/v2\/pages\/1674","targetHints":{"allow":["GET"]}}],"collection":[{"href":"https:\/\/test5.cart.sk\/en\/wp-json\/wp\/v2\/pages"}],"about":[{"href":"https:\/\/test5.cart.sk\/en\/wp-json\/wp\/v2\/types\/page"}],"author":[{"embeddable":true,"href":"https:\/\/test5.cart.sk\/en\/wp-json\/wp\/v2\/users\/1"}],"replies":[{"embeddable":true,"href":"https:\/\/test5.cart.sk\/en\/wp-json\/wp\/v2\/comments?post=1674"}],"version-history":[{"count":6,"href":"https:\/\/test5.cart.sk\/en\/wp-json\/wp\/v2\/pages\/1674\/revisions"}],"predecessor-version":[{"id":2227,"href":"https:\/\/test5.cart.sk\/en\/wp-json\/wp\/v2\/pages\/1674\/revisions\/2227"}],"wp:attachment":[{"href":"https:\/\/test5.cart.sk\/en\/wp-json\/wp\/v2\/media?parent=1674"}],"curies":[{"name":"wp","href":"https:\/\/api.w.org\/{rel}","templated":true}]}}