{"id":1682,"date":"2021-12-10T12:22:11","date_gmt":"2021-12-10T11:22:11","guid":{"rendered":"https:\/\/test5.cart.sk\/?page_id=1682"},"modified":"2022-01-17T18:07:25","modified_gmt":"2022-01-17T17:07:25","slug":"budapest","status":"publish","type":"page","link":"https:\/\/test5.cart.sk\/en\/budapest\/","title":{"rendered":"Budapest"},"content":{"rendered":"<div data-vc-full-width=\"true\" data-vc-full-width-init=\"false\" class=\"vc_row wpb_row vc_row-fluid vc_custom_1638988050030 vc_row-has-fill\"><div class=\"turbo-default-wrap\" ><div class=\"wpb_column vc_column_container vc_col-sm-12\"><div class=\"vc_column-inner\"><div class=\"wpb_wrapper\">\n\t<div class=\"wpb_text_column wpb_content_element\" >\n\t\t<div class=\"wpb_wrapper\">\n\t\t\t<h1><span style=\"color: #ffffff;\">Budapest<\/span><\/h1>\n\n\t\t<\/div>\n\t<\/div>\n<\/div><\/div><\/div><\/div><\/div><div class=\"vc_row-full-width vc_clearfix\"><\/div><div class=\"vc_row wpb_row vc_row-fluid\"><div class=\"turbo-default-wrap\" ><div class=\"wpb_column vc_column_container vc_col-sm-12\"><div class=\"vc_column-inner\"><div class=\"wpb_wrapper\">\n\t<div class=\"wpb_text_column wpb_content_element\" >\n\t\t<div class=\"wpb_wrapper\">\n\t\t\t<h2>Autopo\u017ei\u010dov\u0148a Budape\u0161\u0165<\/h2>\n<p>Autopo\u017ei\u010dov\u0148a Letisko Budape\u0161\u0165 | Kr\u00e1tkodob\u00fd pren\u00e1jom, Dlhodob\u00fd pren\u00e1jom, Rezerv\u00e1cia vozidiel v Budape\u0161ti.\u00a0 Mesto Budape\u0161\u0165 je hlavn\u00e9 mesto Ma\u010farska. Prehliadka \u201eBudape\u0161ti a okolia\u201c s po\u017ei\u010dov\u0148ou \u00e1ut v Budape\u0161ti Sa-Cars.<\/p>\n<p>Budape\u0161\u0165, Ma\u010farska m\u00e1 bohat\u00fa minulos\u0165 &#8211; je iba \u010das\u0165 historick\u00e9ho Uhorska; Dne\u0161n\u00e9 Ma\u010farsko \u010derpa z rozmanit\u00e9ho kult\u00farneho dedi\u010dstva, v\u010faka ktor\u00e9mu je vzru\u0161uj\u00facim cie\u013eom. S po\u017ei\u010dov\u0148ou \u00e1ut v Budape\u0161ti v\u00e1s poz\u00fdvame spozna\u0165 tri mesta &#8211; Budape\u0161\u0165 , Mi\u0161kovec a Debrec\u00edn. Nenechajte si ujs\u0165 mesto Budape\u0161\u0165, lie\u010debn\u00e9 a term\u00e1lne k\u00fapel alebo Balaton.<\/p>\n<p>S po\u017ei\u010dov\u0148ou \u00e1ut v Ma\u010farsku sa va\u0161e mo\u017enosti cestovania roz\u0161iruj\u00fa. Vydajte sa na jednod\u0148ov\u00e9 v\u00fdlety z Budape\u0161ti do kraj\u00edn v\u00fdchodnej Eur\u00f3py, ktor\u00e9 \u010dakaj\u00fa hne\u010f za hranicami Ma\u010farska, a vychutnajte si jazdu, ktor\u00e1 nastane pri pren\u00e1jme automobilu v Budape\u0161ti s autopo\u017ei\u010dov\u0148ou Sa-Cars.<\/p>\n<p><strong>Viac inform\u00e1ci\u00ed na \u010d\u00edsle: <a href=\"tel: 421948844412\">+421 948 844 412<\/a>.<\/strong><\/p>\n<p>&nbsp;<\/p>\n<h2>CarRental Budapest<\/h2>\n<p>Car Rental Budapest Airport | Short-term Rent, Long-term Rent, Car Booking in Budapest.Budapest is the capital of Hungary. Tour of \u201cBudapest and its surroundings\u201d with car rental in Budapest Sa-Cars.<\/p>\n<p>Budapest, Hungary has a rich history &#8211; it is only part of historical Hungary; Today&#8217;s Hungary draws on a diverse cultural heritage, making it an exciting destination. With a car rental in Budapest, we invite you to explore three cities &#8211; Budapest, Miskolc and Debrecen. Do not miss the city of Budapest, the thermal and thermal baths or the Balaton.<\/p>\n<p>With a car rental in Hungary, your travel options are expanding. Take a day trip from Budapest to the Eastern European countries just outside Hungary and enjoy a car rental ride in Budapest with a Sa-Cars car rental.<\/p>\n<p><strong>For more information please contact us on number: <a href=\"tel: 421948844412\">+421 948 844 412<\/a>.<\/strong><\/p>\n\n\t\t<\/div>\n\t<\/div>\n<\/div><\/div><\/div><\/div><\/div>","protected":false},"excerpt":{"rendered":"Budape\u0161\u0165 Autopo\u017ei\u010dov\u0148a Budape\u0161\u0165 Autopo\u017ei\u010dov\u0148a Letisko Budape\u0161\u0165 | Kr\u00e1tkodob\u00fd pren\u00e1jom, Dlhodob\u00fd pren\u00e1jom, Rezerv\u00e1cia vozidiel v Budape\u0161ti.\u00a0 Mesto Budape\u0161\u0165 je hlavn\u00e9 mesto Ma\u010farska. Prehliadka \u201eBudape\u0161ti a okolia\u201c s po\u017ei\u010dov\u0148ou \u00e1ut v Budape\u0161ti Sa-Cars. Budape\u0161\u0165, Ma\u010farska m\u00e1 bohat\u00fa minulos\u0165 - je iba \u010das\u0165 historick\u00e9ho Uhorska; Dne\u0161n\u00e9 Ma\u010farsko \u010derpa z rozmanit\u00e9ho kult\u00farneho dedi\u010dstva, v\u010faka ktor\u00e9mu je vzru\u0161uj\u00facim cie\u013eom. S [...]","protected":false},"author":1,"featured_media":0,"parent":0,"menu_order":0,"comment_status":"closed","ping_status":"closed","template":"","meta":{"footnotes":""},"class_list":["post-1682","page","type-page","status-publish","hentry"],"_links":{"self":[{"href":"https:\/\/test5.cart.sk\/en\/wp-json\/wp\/v2\/pages\/1682","targetHints":{"allow":["GET"]}}],"collection":[{"href":"https:\/\/test5.cart.sk\/en\/wp-json\/wp\/v2\/pages"}],"about":[{"href":"https:\/\/test5.cart.sk\/en\/wp-json\/wp\/v2\/types\/page"}],"author":[{"embeddable":true,"href":"https:\/\/test5.cart.sk\/en\/wp-json\/wp\/v2\/users\/1"}],"replies":[{"embeddable":true,"href":"https:\/\/test5.cart.sk\/en\/wp-json\/wp\/v2\/comments?post=1682"}],"version-history":[{"count":4,"href":"https:\/\/test5.cart.sk\/en\/wp-json\/wp\/v2\/pages\/1682\/revisions"}],"predecessor-version":[{"id":2234,"href":"https:\/\/test5.cart.sk\/en\/wp-json\/wp\/v2\/pages\/1682\/revisions\/2234"}],"wp:attachment":[{"href":"https:\/\/test5.cart.sk\/en\/wp-json\/wp\/v2\/media?parent=1682"}],"curies":[{"name":"wp","href":"https:\/\/api.w.org\/{rel}","templated":true}]}}