{"id":1686,"date":"2021-12-10T12:52:01","date_gmt":"2021-12-10T11:52:01","guid":{"rendered":"https:\/\/test5.cart.sk\/?page_id=1686"},"modified":"2022-01-17T18:07:19","modified_gmt":"2022-01-17T17:07:19","slug":"krakow","status":"publish","type":"page","link":"https:\/\/test5.cart.sk\/en\/krakow\/","title":{"rendered":"Krakow"},"content":{"rendered":"<div data-vc-full-width=\"true\" data-vc-full-width-init=\"false\" class=\"vc_row wpb_row vc_row-fluid vc_custom_1638988050030 vc_row-has-fill\"><div class=\"turbo-default-wrap\" ><div class=\"wpb_column vc_column_container vc_col-sm-12\"><div class=\"vc_column-inner\"><div class=\"wpb_wrapper\">\n\t<div class=\"wpb_text_column wpb_content_element\" >\n\t\t<div class=\"wpb_wrapper\">\n\t\t\t<h1><span style=\"color: #ffffff;\">Krakow<\/span><\/h1>\n\n\t\t<\/div>\n\t<\/div>\n<\/div><\/div><\/div><\/div><\/div><div class=\"vc_row-full-width vc_clearfix\"><\/div><div class=\"vc_row wpb_row vc_row-fluid\"><div class=\"turbo-default-wrap\" ><div class=\"wpb_column vc_column_container vc_col-sm-12\"><div class=\"vc_column-inner\"><div class=\"wpb_wrapper\">\n\t<div class=\"wpb_text_column wpb_content_element\" >\n\t\t<div class=\"wpb_wrapper\">\n\t\t\t<h2>Autopo\u017ei\u010dov\u0148a Letisko Krakow<\/h2>\n<p>Autopo\u017ei\u010dov\u0148a Letisko Krakow | Kr\u00e1tkodob\u00fd pren\u00e1jom, Dlhodob\u00fd pren\u00e1jom, Rezerv\u00e1cia vozidiel v Krakowe.\u00a0 Mesto Krakov je metropolou Malopolska. Prehliadka \u201eKrakowa a okolia\u201c s po\u017ei\u010dov\u0148ou \u00e1ut v Krakove Sa-Cars. Krakow,<\/p>\n<p>Po\u013esko m\u00e1 bohat\u00fa minulos\u0165. \u00a0Dne\u0161n\u00fd Krakow \u010derpa z rozmanit\u00e9ho kult\u00farneho dedi\u010dstva, v\u010faka ktor\u00e9mu je vzru\u0161uj\u00facim cie\u013eom. S po\u017ei\u010dov\u0148ou \u00e1ut v Krakove v\u00e1s poz\u00fdvame spozna\u0165 tri mesta v regi\u00f3ne &#8211; Krakow, Nowy Targ a Zakopan\u00e9. Nenechajte si ujs\u0165 Dra\u010diu dieru, Kr\u00e1\u013eovsk\u00fd z\u00e1mok, kostol sv. Vojtecha.<\/p>\n<p>S po\u017ei\u010dov\u0148ou \u00e1ut v Po\u013esku sa va\u0161e mo\u017enosti cestovania roz\u0161iruj\u00fa. Vydajte sa na jednod\u0148ov\u00e9 v\u00fdlety z Krakowa do kraj\u00edn v\u00fdchodnej Eur\u00f3py, ktor\u00e9 \u010dakaj\u00fa hne\u010f za hranicami Po\u013eska, a vychutnajte si jazdu, ktor\u00e1 nastane pri pren\u00e1jme automobilu na letisku Krakow s auropo\u017ei\u010dov\u0148ou Sa-Cars.<\/p>\n<p><strong>Viac inform\u00e1ci\u00ed na \u010d\u00edsle: <a href=\"tel: 421948844412\">+421 948 844 412<\/a>.<\/strong><\/p>\n<p>&nbsp;<\/p>\n<h2>Car Rental Airport Krakow<\/h2>\n<p>Car Rental Krakow Airport | Short-term Rent, Long-term Rent, Car Booking in Krakow. The city of Krakow is a metropolis of Lesser Poland. Tour of Krakow and its surroundings with car rental in Krakow Sa-Cars.<\/p>\n<p>Krakow, Poland has a rich history. Today&#8217;s Krakow draws on a diverse cultural heritage, making it an exciting destination. With a car rental in Krakow, we invite you to explore three cities in the region &#8211; Krakow, Nowy Targ and Zakopane. Do not miss the Dragon&#8217;s Hole, Royal Castle, Church of Sts. Adalbert.<\/p>\n<p>With a car rental in Poland, your travel options are expanding. Embark on one-day excursions from Krakow to Eastern European countries just outside Poland and enjoy a car rental ride at Krakow Airport with Sa-Cars.<\/p>\n<p><strong>For more information please contact us on number: <a href=\"tel: 421948844412\">+421 948 844 412<\/a>.<\/strong><\/p>\n\n\t\t<\/div>\n\t<\/div>\n<\/div><\/div><\/div><\/div><\/div>","protected":false},"excerpt":{"rendered":"Krakow Autopo\u017ei\u010dov\u0148a Letisko Krakow Autopo\u017ei\u010dov\u0148a Letisko Krakow | Kr\u00e1tkodob\u00fd pren\u00e1jom, Dlhodob\u00fd pren\u00e1jom, Rezerv\u00e1cia vozidiel v Krakowe.\u00a0 Mesto Krakov je metropolou Malopolska. Prehliadka \u201eKrakowa a okolia\u201c s po\u017ei\u010dov\u0148ou \u00e1ut v Krakove Sa-Cars. Krakow, Po\u013esko m\u00e1 bohat\u00fa minulos\u0165. \u00a0Dne\u0161n\u00fd Krakow \u010derpa z rozmanit\u00e9ho kult\u00farneho dedi\u010dstva, v\u010faka ktor\u00e9mu je vzru\u0161uj\u00facim cie\u013eom. S po\u017ei\u010dov\u0148ou \u00e1ut v Krakove v\u00e1s poz\u00fdvame [...]","protected":false},"author":1,"featured_media":0,"parent":0,"menu_order":0,"comment_status":"closed","ping_status":"closed","template":"","meta":{"footnotes":""},"class_list":["post-1686","page","type-page","status-publish","hentry"],"_links":{"self":[{"href":"https:\/\/test5.cart.sk\/en\/wp-json\/wp\/v2\/pages\/1686","targetHints":{"allow":["GET"]}}],"collection":[{"href":"https:\/\/test5.cart.sk\/en\/wp-json\/wp\/v2\/pages"}],"about":[{"href":"https:\/\/test5.cart.sk\/en\/wp-json\/wp\/v2\/types\/page"}],"author":[{"embeddable":true,"href":"https:\/\/test5.cart.sk\/en\/wp-json\/wp\/v2\/users\/1"}],"replies":[{"embeddable":true,"href":"https:\/\/test5.cart.sk\/en\/wp-json\/wp\/v2\/comments?post=1686"}],"version-history":[{"count":5,"href":"https:\/\/test5.cart.sk\/en\/wp-json\/wp\/v2\/pages\/1686\/revisions"}],"predecessor-version":[{"id":2233,"href":"https:\/\/test5.cart.sk\/en\/wp-json\/wp\/v2\/pages\/1686\/revisions\/2233"}],"wp:attachment":[{"href":"https:\/\/test5.cart.sk\/en\/wp-json\/wp\/v2\/media?parent=1686"}],"curies":[{"name":"wp","href":"https:\/\/api.w.org\/{rel}","templated":true}]}}