{"id":1691,"date":"2021-12-10T13:07:31","date_gmt":"2021-12-10T12:07:31","guid":{"rendered":"https:\/\/test5.cart.sk\/?page_id=1691"},"modified":"2022-01-17T18:03:15","modified_gmt":"2022-01-17T17:03:15","slug":"vienna","status":"publish","type":"page","link":"https:\/\/test5.cart.sk\/en\/vienna\/","title":{"rendered":"Vienna"},"content":{"rendered":"<div data-vc-full-width=\"true\" data-vc-full-width-init=\"false\" class=\"vc_row wpb_row vc_row-fluid vc_custom_1638988050030 vc_row-has-fill\"><div class=\"turbo-default-wrap\" ><div class=\"wpb_column vc_column_container vc_col-sm-12\"><div class=\"vc_column-inner\"><div class=\"wpb_wrapper\">\n\t<div class=\"wpb_text_column wpb_content_element\" >\n\t\t<div class=\"wpb_wrapper\">\n\t\t\t<h1><span style=\"color: #ffffff;\">Vienna<\/span><\/h1>\n\n\t\t<\/div>\n\t<\/div>\n<\/div><\/div><\/div><\/div><\/div><div class=\"vc_row-full-width vc_clearfix\"><\/div><div class=\"vc_row wpb_row vc_row-fluid\"><div class=\"turbo-default-wrap\" ><div class=\"wpb_column vc_column_container vc_col-sm-12\"><div class=\"vc_column-inner\"><div class=\"wpb_wrapper\">\n\t<div class=\"wpb_text_column wpb_content_element\" >\n\t\t<div class=\"wpb_wrapper\">\n\t\t\t<h2>Autopo\u017ei\u010dov\u0148a Letisko Viede\u0148<\/h2>\n<p>Autopo\u017ei\u010dov\u0148a letisko Viede\u0148 | Kr\u00e1tkodob\u00fd pren\u00e1jom, Dlhodob\u00fd pren\u00e1jom, Rezerv\u00e1cia vozidiel na letisku Viede\u0148. Letisko Viede\u0148 s\u00fa metropolou v\u00fdchodu. Prehliadka \u201eViedne a okolia\u201c alebo Wien s po\u017ei\u010dov\u0148ou \u00e1ut vo Viedni Sa-Cars.<\/p>\n<p>Viede\u0148, Rak\u00fasko m\u00e1 bohat\u00fa hist\u00f3riu &#8211; r\u00edmskej l\u00e9gie, umelcov ako zakladate\u013e popul\u00e1rnych val\u010d\u00edkov Strauss. Dne\u0161n\u00e1 Viede\u0148 \u010derpaj\u00e1 z rozmanit\u00e9ho kult\u00farneho dedi\u010dstva, v\u010faka ktor\u00e9mu je vzru\u0161uj\u00facim cie\u013eom. S po\u017ei\u010dov\u0148ou \u00e1ut vo Viedni v\u00e1s poz\u00fdvame spozna\u0165 mesto &#8211; Viede\u0148. Nenechajte si ujs\u0165 katedr\u00e1lu sv. \u0160tefana, z\u00e1mok Belveder, m\u00fazeum cis\u00e1rovnej Sisi, Holfburg.<\/p>\n<p>S po\u017ei\u010dov\u0148ou \u00e1ut na Slovensku sa va\u0161e mo\u017enosti cestovania roz\u0161iruj\u00fa. Vydajte sa na jednod\u0148ov\u00e9 v\u00fdlety z Viedne do kraj\u00edn v\u00fdchodnej Eur\u00f3py, ktor\u00e9 \u010dakaj\u00fa hne\u010f za hranicami Rak\u00faska, a vychutnajte si jazdu, ktor\u00e1 nastane pri pren\u00e1jme automobilu na letisku Viede\u0148 s auropo\u017ei\u010dov\u0148ou Sa-Cars.<\/p>\n<p><strong>Viac inform\u00e1ci\u00ed na \u010d\u00edsle: <a href=\"tel: 421948844412\">+421 948 844 412<\/a>.<\/strong><\/p>\n<p>&nbsp;<\/p>\n<h2>Car Rental Vienna Airport<\/h2>\n<p>Car Rental Vienna Airport | Short-term rental, Long-term rental, Vehicle reservation at Vienna Airport. Vienna Airport is a metropolis of the East. \u201cVienna and Surroundings\u201d tour or Vienna with car rental in Vienna Sa-Cars.<\/p>\n<p>Vienna, Austria has a rich history &#8211; the Roman Legion, artists as the founder of the popular waltzes of Strauss. Today&#8217;s Vienna draws on a diverse cultural heritage, making it an exciting destination. With a car rental in Vienna we invite you to explore the city &#8211; Vienna. Do not miss St. Vitus Cathedral. Stephen, Belvedere Castle, museum of Sisi Empress, Holfburg.<\/p>\n<p>With car rental in Slovakia, your travel options are expanding. Embark on one-day excursions from Vienna to Eastern European countries just outside Austria and enjoy a car rental ride at the Vienna Airport with Sa-Cars.<\/p>\n<p><strong>For more information please contact us on number: <a href=\"tel: 421948844412\">+421 948 844 412<\/a>.<\/strong><\/p>\n\n\t\t<\/div>\n\t<\/div>\n<\/div><\/div><\/div><\/div><\/div>","protected":false},"excerpt":{"rendered":"Vienna Autopo\u017ei\u010dov\u0148a Letisko Viede\u0148 Autopo\u017ei\u010dov\u0148a letisko Viede\u0148 | Kr\u00e1tkodob\u00fd pren\u00e1jom, Dlhodob\u00fd pren\u00e1jom, Rezerv\u00e1cia vozidiel na letisku Viede\u0148. Letisko Viede\u0148 s\u00fa metropolou v\u00fdchodu. Prehliadka \u201eViedne a okolia\u201c alebo Wien s po\u017ei\u010dov\u0148ou \u00e1ut vo Viedni Sa-Cars. Viede\u0148, Rak\u00fasko m\u00e1 bohat\u00fa hist\u00f3riu - r\u00edmskej l\u00e9gie, umelcov ako zakladate\u013e popul\u00e1rnych val\u010d\u00edkov Strauss. Dne\u0161n\u00e1 Viede\u0148 \u010derpaj\u00e1 z rozmanit\u00e9ho kult\u00farneho dedi\u010dstva, [...]","protected":false},"author":1,"featured_media":0,"parent":0,"menu_order":0,"comment_status":"closed","ping_status":"closed","template":"","meta":{"footnotes":""},"class_list":["post-1691","page","type-page","status-publish","hentry"],"_links":{"self":[{"href":"https:\/\/test5.cart.sk\/en\/wp-json\/wp\/v2\/pages\/1691","targetHints":{"allow":["GET"]}}],"collection":[{"href":"https:\/\/test5.cart.sk\/en\/wp-json\/wp\/v2\/pages"}],"about":[{"href":"https:\/\/test5.cart.sk\/en\/wp-json\/wp\/v2\/types\/page"}],"author":[{"embeddable":true,"href":"https:\/\/test5.cart.sk\/en\/wp-json\/wp\/v2\/users\/1"}],"replies":[{"embeddable":true,"href":"https:\/\/test5.cart.sk\/en\/wp-json\/wp\/v2\/comments?post=1691"}],"version-history":[{"count":2,"href":"https:\/\/test5.cart.sk\/en\/wp-json\/wp\/v2\/pages\/1691\/revisions"}],"predecessor-version":[{"id":2232,"href":"https:\/\/test5.cart.sk\/en\/wp-json\/wp\/v2\/pages\/1691\/revisions\/2232"}],"wp:attachment":[{"href":"https:\/\/test5.cart.sk\/en\/wp-json\/wp\/v2\/media?parent=1691"}],"curies":[{"name":"wp","href":"https:\/\/api.w.org\/{rel}","templated":true}]}}