{"id":2060,"date":"2022-01-11T19:52:10","date_gmt":"2022-01-11T18:52:10","guid":{"rendered":"https:\/\/test5.cart.sk\/?page_id=2060"},"modified":"2022-01-11T20:50:17","modified_gmt":"2022-01-11T19:50:17","slug":"osobny-sofer","status":"publish","type":"page","link":"https:\/\/test5.cart.sk\/en\/osobny-sofer\/","title":{"rendered":"OSOBN\u00dd \u0160OF\u00c9R"},"content":{"rendered":"<div id=\"st-car-search-from-home\" data-vc-full-width=\"true\" data-vc-full-width-init=\"false\" class=\"vc_row wpb_row vc_row-fluid vc_custom_1641927308387 vc_row-has-fill\"><div class=\"turbo-default-wrap\" ><div class=\"wpb_column vc_column_container vc_col-sm-12\"><div class=\"vc_column-inner\"><div class=\"wpb_wrapper\">\n\t<div class=\"wpb_text_column wpb_content_element\" >\n\t\t<div class=\"wpb_wrapper\">\n\t\t\t<h1 style=\"text-align: center;\"><span style=\"color: #ffffff;\">Personal driver<\/span><\/h1>\n\n\t\t<\/div>\n\t<\/div>\n<\/div><\/div><\/div><\/div><\/div><div class=\"vc_row-full-width vc_clearfix\"><\/div><div class=\"vc_row wpb_row vc_row-fluid\"><div class=\"turbo-default-wrap\" ><div class=\"wpb_column vc_column_container vc_col-sm-12\"><div class=\"vc_column-inner\"><div class=\"wpb_wrapper\"><div class=\"vc_row wpb_row vc_inner vc_row-fluid st-become-feature text-center vc_custom_1639658164763\"><div class=\"wpb_column vc_column_container vc_col-sm-6\"><div class=\"vc_column-inner\"><div class=\"wpb_wrapper\">\n\t<div class=\"wpb_text_column wpb_content_element\" id=\"doba_prenajmu_dlhodoby\">\n\t\t<div class=\"wpb_wrapper\">\n\t\t\t<h3 style=\"text-align: left;\">The service of a personal driver<\/h3>\n<p style=\"text-align: left;\">The company SA-CARS offers you the service of a personal driver, which You can ensure your business journey over slovakia but also abroad. We offer a full service according to client's requirements. We are representative with professional appearance and discretion.<\/p>\n<p style=\"text-align: left;\">You can order personal driver separately or with the vehicle's premium brand Skoda SUPERB or Mercedes-Benz.<\/p>\n<p style=\"text-align: left;\">To each client we treat the individual. Price on request e-mail or telephone or personal meeting.<\/p>\n<p style=\"text-align: left;\">We offer the possibility of cooperation in the regular business trips.<\/p>\n\n\t\t<\/div>\n\t<\/div>\n<\/div><\/div><\/div><div class=\"wpb_column vc_column_container vc_col-sm-6\"><div class=\"vc_column-inner\"><div class=\"wpb_wrapper\">\n\t<div class=\"wpb_text_column wpb_content_element\" >\n\t\t<div class=\"wpb_wrapper\">\n\t\t\t<h3 style=\"text-align: left;\">Benefits<\/h3>\n<ul style=\"text-align: left;\">\n<li>Business trips<\/li>\n<li>Business meetings<\/li>\n<li>Conference<\/li>\n<li>Weddings and celebrations<\/li>\n<li>Social events<\/li>\n<li>V. I. P clients<\/li>\n<li>Management comfort<\/li>\n<li>Snacks<\/li>\n<li>Drinks<\/li>\n<li>Audio<\/li>\n<li>Wifi<\/li>\n<li>Surprise<\/li>\n<\/ul>\n\n\t\t<\/div>\n\t<\/div>\n<\/div><\/div><\/div><\/div><\/div><\/div><\/div><\/div><\/div><div class=\"vc_row wpb_row vc_row-fluid\"><div class=\"turbo-default-wrap\" ><div class=\"wpb_column vc_column_container vc_col-sm-12\"><div class=\"vc_column-inner\"><div class=\"wpb_wrapper\"><div class=\"vc_separator wpb_content_element vc_separator_align_center vc_sep_width_100 vc_sep_pos_align_center vc_separator_no_text\" ><span class=\"vc_sep_holder vc_sep_holder_l\"><span  style=\"border-color:#d7dce3;\" class=\"vc_sep_line\"><\/span><\/span><span class=\"vc_sep_holder vc_sep_holder_r\"><span  style=\"border-color:#d7dce3;\" class=\"vc_sep_line\"><\/span><\/span>\n<\/div><\/div><\/div><\/div><\/div><\/div><div class=\"vc_row wpb_row vc_row-fluid st-become-feature-wrapper text-center\"><div class=\"turbo-default-wrap\" ><div class=\"wpb_column vc_column_container vc_col-sm-12\"><div class=\"vc_column-inner\"><div class=\"wpb_wrapper\"><div class=\"vc_empty_space\"   style=\"height: 1px\"><span class=\"vc_empty_space_inner\"><\/span><\/div><section class=\"vc_cta3-container\"><div class=\"vc_general vc_cta3 vc_cta3-style-classic vc_cta3-shape-rounded vc_cta3-align-center vc_cta3-color-classic vc_cta3-icon-size-md\"><div class=\"vc_cta3_content-container\"><div class=\"vc_cta3-content\"><header class=\"vc_cta3-content-header\"><h2>We will send You the best offer by e-mail.<\/h2><\/header><\/div><\/div><\/div><\/section><div class=\"vc_empty_space\"   style=\"height: 15px\"><span class=\"vc_empty_space_inner\"><\/span><\/div><\/div><\/div><\/div><\/div><\/div><div id=\"dlhodoby_form\" class=\"vc_row wpb_row vc_row-fluid\"><div class=\"turbo-default-wrap\" ><div class=\"wpb_column vc_column_container vc_col-sm-12\"><div class=\"vc_column-inner\"><div class=\"wpb_wrapper\"><div class=\"vc_row wpb_row vc_inner vc_row-fluid\"><div class=\"wpb_column vc_column_container vc_col-sm-12\"><div class=\"vc_column-inner\"><div class=\"wpb_wrapper\">\n\t<div class=\"wpb_text_column wpb_content_element\" >\n\t\t<div class=\"wpb_wrapper\">\n\t\t\t<h3 style=\"text-align: center;\">Personal Driver<\/h3>\n\n\t\t<\/div>\n\t<\/div>\n<div class=\"vc_empty_space\"   style=\"height: 35px\"><span class=\"vc_empty_space_inner\"><\/span><\/div><div role=\"form\" class=\"wpcf7\" id=\"wpcf7-f1849-o1\" lang=\"sk-SK\" dir=\"ltr\">\n<div class=\"screen-reader-response\"><p role=\"status\" aria-live=\"polite\" aria-atomic=\"true\"><\/p> <ul><\/ul><\/div>\n<form action=\"\/en\/wp-json\/wp\/v2\/pages\/2060#wpcf7-f1849-o1\" method=\"post\" class=\"wpcf7-form init\" novalidate=\"novalidate\" data-status=\"init\" data-trp-original-action=\"\/en\/wp-json\/wp\/v2\/pages\/2060#wpcf7-f1849-o1\">\n<div style=\"display: none;\">\n<input type=\"hidden\" name=\"_wpcf7\" value=\"1849\" \/>\n<input type=\"hidden\" name=\"_wpcf7_version\" value=\"5.5.4\" \/>\n<input type=\"hidden\" name=\"_wpcf7_locale\" value=\"sk_SK\" \/>\n<input type=\"hidden\" name=\"_wpcf7_unit_tag\" value=\"wpcf7-f1849-o1\" \/>\n<input type=\"hidden\" name=\"_wpcf7_container_post\" value=\"0\" \/>\n<input type=\"hidden\" name=\"_wpcf7_posted_data_hash\" value=\"\" \/>\n<\/div>\n<div class=\"mt30\">\n<div class=\"row\">\n<div class=\"col-md-6\">\n<div class=\"form-group\">\n                                    <label>The Beginning Of The Lease *<\/label> <span class=\"wpcf7-form-control-wrap Zaciatok\"><input type=\"text\" name=\"Zaciatok\" value=\"\" size=\"40\" class=\"wpcf7-form-control wpcf7-text wpcf7-validates-as-required form-control\" id=\"text-278\" aria-required=\"true\" aria-invalid=\"false\" placeholder=\"The Beginning of the Lease - pattern: 11.2.2020\/11:30\" \/><\/span>\n                                <\/div>\n<\/div>\n<div class=\"col-md-6\">\n<div class=\"form-group\">\n                                    <label>End Of Lease *<\/label><span class=\"wpcf7-form-control-wrap text-906\"><input type=\"text\" name=\"text-906\" value=\"\" size=\"40\" class=\"wpcf7-form-control wpcf7-text wpcf7-validates-as-required form-control\" id=\"text-906\" aria-required=\"true\" aria-invalid=\"false\" placeholder=\"End of Lease - pattern: 11.2.2020\/11:30\" \/><\/span>\n                                <\/div>\n<\/div>\n<\/div>\n<div class=\"mt30\">\n<div class=\"row\">\n<div class=\"col-md-6\">\n<div class=\"form-group\">\n                                    <label>Name and Surname *<\/label><span class=\"wpcf7-form-control-wrap Meno\"><input type=\"text\" name=\"Meno\" value=\"\" size=\"40\" class=\"wpcf7-form-control wpcf7-text wpcf7-validates-as-required form-control\" id=\"text-694\" aria-required=\"true\" aria-invalid=\"false\" placeholder=\"Name and Surname\" \/><\/span>\n                                <\/div>\n<\/div>\n<div class=\"col-md-6\">\n<div class=\"form-group\">\n                                    <label>E-mail *<\/label><span class=\"wpcf7-form-control-wrap E-mail\"><input type=\"email\" name=\"E-mail\" value=\"\" size=\"40\" class=\"wpcf7-form-control wpcf7-text wpcf7-email wpcf7-validates-as-required wpcf7-validates-as-email form-control\" id=\"email-998\" aria-required=\"true\" aria-invalid=\"false\" placeholder=\"E-mail\" \/><\/span>\n                                <\/div>\n<\/div>\n<\/div>\n<div class=\"mt30\">\n<div class=\"row\">\n<div class=\"col-md-6\">\n<div class=\"form-group\">\n                                    <label>Phone *<\/label><span class=\"wpcf7-form-control-wrap Telefon\"><input type=\"text\" name=\"Telefon\" value=\"\" size=\"40\" class=\"wpcf7-form-control wpcf7-text wpcf7-validates-as-required form-control\" id=\"text-164\" aria-required=\"true\" aria-invalid=\"false\" placeholder=\"0900 000 000\" \/><\/span>\n                                <\/div>\n<\/div>\n<div class=\"col-md-6\">\n<div class=\"form-group\">\n                                    <label>Car for rent *<\/label><span class=\"wpcf7-form-control-wrap AutonaPrenjom\"><select name=\"AutonaPrenjom\" class=\"wpcf7-form-control wpcf7-select wpcf7-validates-as-required\" id=\"menu-970\" aria-required=\"true\" aria-invalid=\"false\"><option value=\"VYBERTE VOZIDLO\">SELECT THE VEHICLE<\/option><option value=\"\u0160koda Citigo\">Skoda Citigo<\/option><option value=\"\u0160koda Fabia - manual\">Skoda Fabia - manual<\/option><option value=\"\u0160koda Fabia Combi - manual\">Skoda Fabia Combi - manual<\/option><option value=\"\u0160koda Fabia Combi - automat\">Skoda Fabia Combi - slot machine<\/option><option value=\"\u0160koda Rapid - manual\">\u0160koda Rapid - manual<\/option><option value=\"\u0160koda Octavia - manual\">Skoda Octavia - manual<\/option><option value=\"\u0160koda Octavia - automat\">Skoda Octavia - reel<\/option><option value=\"\u0160koda Octavia Combi - automat\">Skoda Octavia Combi - slot machine<\/option><option value=\"\u0160koda Octavia Combi RS - automat\">Skoda Octavia Combi RS - reel<\/option><option value=\"Skoda Scala - manual\">Skoda Scala - manual<\/option><option value=\"\u0160koda Superb - automat\">Skoda Superb - reel<\/option><option value=\"\u0160koda Kamiq - manual\">Skoda Kamiq - manual<\/option><option value=\"\u0160koda Karoq - automat\">Skoda Karoq - reel<\/option><option value=\"\u0160koda Kodiaq - automat\">Skoda Kodiaq - reel<\/option><option value=\"Renault Scenic 7 miestne\">Renault highlights scenic 7 local<\/option><option value=\"Renault Trafic 9 miestne\">Renault Application of 9 local<\/option><option value=\"Citroen Jumper - Dod\u00e1vka\">Citroen Jumper - Delivery<\/option><option value=\"Renault Master - Dod\u00e1vka\">Renault Master - Supply<\/option><\/select><\/span><\/p>\n<\/div>\n<\/div>\n<\/div>\n<div class=\"form-group sprva2\">\n                            <label>Message *<\/label><span class=\"wpcf7-form-control-wrap Sprva\"><textarea name=\"Sprva\" cols=\"40\" rows=\"3\" class=\"wpcf7-form-control wpcf7-textarea wpcf7-validates-as-required form-control\" id=\"textarea-234\" aria-required=\"true\" aria-invalid=\"false\" placeholder=\"Message\"><\/textarea><\/span>\n                       <\/div>\n<p><span class=\"wpcf7-form-control-wrap Shlas\"><span class=\"wpcf7-form-control wpcf7-acceptance optional\"><span class=\"wpcf7-list-item\"><label><input type=\"checkbox\" name=\"Shlas\" value=\"1\" aria-invalid=\"false\" id=\"acceptance-164\" \/><span class=\"wpcf7-list-item-label\">I agree with the sending and processing of terms and conditions<\/span><\/label><\/span><\/span><\/span> <br><br \/>\n                         <input type=\"submit\" value=\"SEND A MESSAGE\" class=\"wpcf7-form-control has-spinner wpcf7-submit btn ban-primary\" \/><\/p>\n<\/div>\n<div class=\"wpcf7-response-output\" aria-hidden=\"true\"><\/div><input type=\"hidden\" name=\"trp-form-language\" value=\"en\"\/><\/form><\/div><\/div><\/div><\/div><\/div><\/div><\/div><\/div><\/div><\/div><div class=\"vc_row wpb_row vc_row-fluid\"><div class=\"turbo-default-wrap\" ><div class=\"wpb_column vc_column_container vc_col-sm-12\"><div class=\"vc_column-inner\"><div class=\"wpb_wrapper\"><div class=\"vc_separator wpb_content_element vc_separator_align_center vc_sep_width_100 vc_sep_pos_align_center vc_separator_no_text\" ><span class=\"vc_sep_holder vc_sep_holder_l\"><span  style=\"border-color:#d7dce3;\" class=\"vc_sep_line\"><\/span><\/span><span class=\"vc_sep_holder vc_sep_holder_r\"><span  style=\"border-color:#d7dce3;\" class=\"vc_sep_line\"><\/span><\/span>\n<\/div><\/div><\/div><\/div><\/div><\/div><div class=\"vc_row wpb_row vc_row-fluid vc_custom_1556175635004\"><div class=\"turbo-default-wrap\" ><div class=\"wpb_column vc_column_container vc_col-sm-12\"><div class=\"vc_column-inner\"><div class=\"wpb_wrapper\">\n\t<div class=\"wpb_text_column wpb_content_element  vc_custom_1581522868424\" >\n\t\t<div class=\"wpb_wrapper\">\n\t\t\t<h2 style=\"text-align: center;\"><span style=\"color: #1a2b48;\">Our car rental in the city<\/span><\/h2>\n\n\t\t<\/div>\n\t<\/div>\n<\/div><\/div><\/div><\/div><\/div><div id=\"letiska1\" class=\"vc_row wpb_row vc_row-fluid\"><div class=\"turbo-default-wrap\" ><div class=\"wpb_column vc_column_container vc_col-sm-12\"><div class=\"vc_column-inner\"><div class=\"wpb_wrapper\">\r\n        <style>\r\n        \t.unique-carousel-280 .owl-next, .unique-carousel-280 .owl-prev{\r\n        \t\tbackground: #1a2b48  !important;\r\n        \t\tcolor: #ffffff !important;\r\n        \t}\r\n\r\n        \t.unique-carousel-280.owl-theme .owl-dots .owl-dot.active span, .unique-carousel-280.owl-theme .owl-dots .owl-dot:hover span{\r\n        \t\tbackground: #1a2b48 !important;\r\n        \t}\r\n\r\n        \t.owl-next, .owl-prev{\r\n        \t\ttop: 40%;\r\n        \t}\r\n        <\/style>\r\n        <div class=\"wdo-carosuel-container unique-carousel-280 owl-carousel owl-theme\">\r\n        \t\t\t\t\r\n\t\t<div class=\"item\">\r\n\t\t\t\n\t<div  class=\"wpb_single_image wpb_content_element vc_align_center  wpb_animate_when_almost_visible wpb_fadeIn fadeIn\">\n\t\t\n\t\t<figure class=\"wpb_wrapper vc_figure\">\n\t\t\t<a href=\"https:\/\/test5.cart.sk\/en\/kosice\/\" target=\"_self\" class=\"vc_single_image-wrapper   vc_box_border_grey\"><img loading=\"lazy\" decoding=\"async\" width=\"370\" height=\"370\" src=\"https:\/\/test5.cart.sk\/wp-content\/uploads\/2021\/12\/letisko-kosice-370x370-2.png\" class=\"vc_single_image-img attachment-full\" alt=\"\" srcset=\"https:\/\/test5.cart.sk\/wp-content\/uploads\/2021\/12\/letisko-kosice-370x370-2.png 370w, https:\/\/test5.cart.sk\/wp-content\/uploads\/2021\/12\/letisko-kosice-370x370-2-100x100.png 100w, https:\/\/test5.cart.sk\/wp-content\/uploads\/2021\/12\/letisko-kosice-370x370-2-300x300.png 300w, https:\/\/test5.cart.sk\/wp-content\/uploads\/2021\/12\/letisko-kosice-370x370-2-150x150.png 150w\" sizes=\"auto, (max-width: 370px) 100vw, 370px\" \/><\/a>\n\t\t<\/figure>\n\t<\/div>\n<div  class=\"vc_wp_text wpb_content_element\"><div class=\"widget widget_text\">\t\t\t<div class=\"textwidget\"><p style=\"text-align: center;\"><a href=\"https:\/\/test5.cart.sk\/en\/kosice\/\">Ko\u0161ice<\/a><\/p>\n<\/div>\n\t\t<\/div><\/div>\t\t<\/div>\r\n\r\n\t\t\t\t\t\r\n\t\t<div class=\"item\">\r\n\t\t\t\n\t<div  class=\"wpb_single_image wpb_content_element vc_align_center  wpb_animate_when_almost_visible wpb_fadeIn fadeIn\">\n\t\t\n\t\t<figure class=\"wpb_wrapper vc_figure\">\n\t\t\t<a href=\"https:\/\/test5.cart.sk\/en\/bratislava\/\" target=\"_self\" class=\"vc_single_image-wrapper   vc_box_border_grey\"><img loading=\"lazy\" decoding=\"async\" width=\"1024\" height=\"1024\" src=\"https:\/\/test5.cart.sk\/wp-content\/uploads\/2021\/12\/letisko-bratislava-1024x1024-1.webp\" class=\"vc_single_image-img attachment-full\" alt=\"\" srcset=\"https:\/\/test5.cart.sk\/wp-content\/uploads\/2021\/12\/letisko-bratislava-1024x1024-1.webp 1024w, https:\/\/test5.cart.sk\/wp-content\/uploads\/2021\/12\/letisko-bratislava-1024x1024-1-100x100.webp 100w, https:\/\/test5.cart.sk\/wp-content\/uploads\/2021\/12\/letisko-bratislava-1024x1024-1-546x546.webp 546w, https:\/\/test5.cart.sk\/wp-content\/uploads\/2021\/12\/letisko-bratislava-1024x1024-1-300x300.webp 300w, https:\/\/test5.cart.sk\/wp-content\/uploads\/2021\/12\/letisko-bratislava-1024x1024-1-150x150.webp 150w, https:\/\/test5.cart.sk\/wp-content\/uploads\/2021\/12\/letisko-bratislava-1024x1024-1-768x768.webp 768w\" sizes=\"auto, (max-width: 1024px) 100vw, 1024px\" \/><\/a>\n\t\t<\/figure>\n\t<\/div>\n<div  class=\"vc_wp_text wpb_content_element\"><div class=\"widget widget_text\">\t\t\t<div class=\"textwidget\"><p style=\"text-align: center;\"><a href=\"https:\/\/test5.cart.sk\/en\/bratislava\/\">Bratislava<\/a><\/p>\n<\/div>\n\t\t<\/div><\/div>\t\t<\/div>\r\n\r\n\t\t\t\t\t\r\n\t\t<div class=\"item\">\r\n\t\t\t\n\t<div  class=\"wpb_single_image wpb_content_element vc_align_center  wpb_animate_when_almost_visible wpb_fadeIn fadeIn\">\n\t\t\n\t\t<figure class=\"wpb_wrapper vc_figure\">\n\t\t\t<a href=\"https:\/\/test5.cart.sk\/en\/poprad\/\" target=\"_self\" class=\"vc_single_image-wrapper   vc_box_border_grey\"><img loading=\"lazy\" decoding=\"async\" width=\"370\" height=\"370\" src=\"https:\/\/test5.cart.sk\/wp-content\/uploads\/2021\/12\/letisko-poprad-370x370-1-1.png\" class=\"vc_single_image-img attachment-full\" alt=\"\" srcset=\"https:\/\/test5.cart.sk\/wp-content\/uploads\/2021\/12\/letisko-poprad-370x370-1-1.png 370w, https:\/\/test5.cart.sk\/wp-content\/uploads\/2021\/12\/letisko-poprad-370x370-1-1-100x100.png 100w, https:\/\/test5.cart.sk\/wp-content\/uploads\/2021\/12\/letisko-poprad-370x370-1-1-300x300.png 300w, https:\/\/test5.cart.sk\/wp-content\/uploads\/2021\/12\/letisko-poprad-370x370-1-1-150x150.png 150w\" sizes=\"auto, (max-width: 370px) 100vw, 370px\" \/><\/a>\n\t\t<\/figure>\n\t<\/div>\n<div  class=\"vc_wp_text wpb_content_element\"><div class=\"widget widget_text\">\t\t\t<div class=\"textwidget\"><p style=\"text-align: center;\"><a href=\"https:\/\/test5.cart.sk\/en\/poprad\/\">Poprad<\/a><\/p>\n<\/div>\n\t\t<\/div><\/div>\t\t<\/div>\r\n\r\n\t\t\t\t\t\r\n\t\t<div class=\"item\">\r\n\t\t\t\n\t<div  class=\"wpb_single_image wpb_content_element vc_align_center  wpb_animate_when_almost_visible wpb_fadeIn fadeIn\">\n\t\t\n\t\t<figure class=\"wpb_wrapper vc_figure\">\n\t\t\t<a href=\"https:\/\/test5.cart.sk\/en\/budapest\/\" target=\"_self\" class=\"vc_single_image-wrapper   vc_box_border_grey\"><img loading=\"lazy\" decoding=\"async\" width=\"370\" height=\"370\" src=\"https:\/\/test5.cart.sk\/wp-content\/uploads\/2021\/12\/letisko-budapest-370x370-1.png\" class=\"vc_single_image-img attachment-full\" alt=\"\" srcset=\"https:\/\/test5.cart.sk\/wp-content\/uploads\/2021\/12\/letisko-budapest-370x370-1.png 370w, https:\/\/test5.cart.sk\/wp-content\/uploads\/2021\/12\/letisko-budapest-370x370-1-100x100.png 100w, https:\/\/test5.cart.sk\/wp-content\/uploads\/2021\/12\/letisko-budapest-370x370-1-300x300.png 300w, https:\/\/test5.cart.sk\/wp-content\/uploads\/2021\/12\/letisko-budapest-370x370-1-150x150.png 150w\" sizes=\"auto, (max-width: 370px) 100vw, 370px\" \/><\/a>\n\t\t<\/figure>\n\t<\/div>\n<div  class=\"vc_wp_text wpb_content_element\"><div class=\"widget widget_text\">\t\t\t<div class=\"textwidget\"><p style=\"text-align: center;\"><a href=\"https:\/\/test5.cart.sk\/en\/budapest\/\">Budapest<\/a><\/p>\n<\/div>\n\t\t<\/div><\/div>\t\t<\/div>\r\n\r\n\t\t\t\t\t\r\n\t\t<div class=\"item\">\r\n\t\t\t\n\t<div  class=\"wpb_single_image wpb_content_element vc_align_center\">\n\t\t\n\t\t<figure class=\"wpb_wrapper vc_figure\">\n\t\t\t<a href=\"https:\/\/test5.cart.sk\/en\/krakow\/\" target=\"_self\" class=\"vc_single_image-wrapper   vc_box_border_grey\"><img loading=\"lazy\" decoding=\"async\" width=\"370\" height=\"370\" src=\"https:\/\/test5.cart.sk\/wp-content\/uploads\/2021\/12\/letisko-krakow-370x370-1.png\" class=\"vc_single_image-img attachment-full\" alt=\"\" srcset=\"https:\/\/test5.cart.sk\/wp-content\/uploads\/2021\/12\/letisko-krakow-370x370-1.png 370w, https:\/\/test5.cart.sk\/wp-content\/uploads\/2021\/12\/letisko-krakow-370x370-1-100x100.png 100w, https:\/\/test5.cart.sk\/wp-content\/uploads\/2021\/12\/letisko-krakow-370x370-1-300x300.png 300w, https:\/\/test5.cart.sk\/wp-content\/uploads\/2021\/12\/letisko-krakow-370x370-1-150x150.png 150w\" sizes=\"auto, (max-width: 370px) 100vw, 370px\" \/><\/a>\n\t\t<\/figure>\n\t<\/div>\n<div  class=\"vc_wp_text wpb_content_element\"><div class=\"widget widget_text\">\t\t\t<div class=\"textwidget\"><p style=\"text-align: center;\"><a href=\"https:\/\/test5.cart.sk\/en\/krakow\/\">Krakow<\/a><\/p>\n<\/div>\n\t\t<\/div><\/div>\t\t<\/div>\r\n\r\n\t\t\t\t\t\r\n\t\t<div class=\"item\">\r\n\t\t\t\n\t<div  class=\"wpb_single_image wpb_content_element vc_align_center\">\n\t\t\n\t\t<figure class=\"wpb_wrapper vc_figure\">\n\t\t\t<a href=\"https:\/\/test5.cart.sk\/en\/vienna\/\" target=\"_self\" class=\"vc_single_image-wrapper   vc_box_border_grey\"><img loading=\"lazy\" decoding=\"async\" width=\"370\" height=\"370\" src=\"https:\/\/test5.cart.sk\/wp-content\/uploads\/2021\/12\/letisko-wien-370x370-1.png\" class=\"vc_single_image-img attachment-full\" alt=\"\" srcset=\"https:\/\/test5.cart.sk\/wp-content\/uploads\/2021\/12\/letisko-wien-370x370-1.png 370w, https:\/\/test5.cart.sk\/wp-content\/uploads\/2021\/12\/letisko-wien-370x370-1-100x100.png 100w, https:\/\/test5.cart.sk\/wp-content\/uploads\/2021\/12\/letisko-wien-370x370-1-300x300.png 300w, https:\/\/test5.cart.sk\/wp-content\/uploads\/2021\/12\/letisko-wien-370x370-1-150x150.png 150w\" sizes=\"auto, (max-width: 370px) 100vw, 370px\" \/><\/a>\n\t\t<\/figure>\n\t<\/div>\n<div  class=\"vc_wp_text wpb_content_element\"><div class=\"widget widget_text\">\t\t\t<div class=\"textwidget\"><p style=\"text-align: center;\"><a href=\"https:\/\/test5.cart.sk\/en\/vienna\/\">Vienna<\/a><\/p>\n<\/div>\n\t\t<\/div><\/div>\t\t<\/div>\r\n\r\n\t\t        <\/div>\r\n        <script type=\"text\/javascript\">\r\n        \tjQuery(document).ready(function ($) {\r\n        \t\t$('.unique-carousel-280').owlCarousel({\r\n        \t\t    margin:10,\r\n        \t\t    touchDrag:true,\r\n        \t\t    mouseDrag:true,\r\n        \t\t    animateIn: \"no-animation\",\r\n        \t\t    animateOut: \"no-animation\",\r\n        \t\t    video:true,\r\n        \t\t    videoWidth:true,\r\n        \t\t    videoHeight:300,\r\n        \t\t    loop:true,\r\n        \t\t    slideBy:1,\r\n        \t\t    autoplay:true, \r\n        \t\t    nav:true,\r\n        \t\t    dots:true,\r\n        \t\t    navText:[\"<div class='nav-btn prev-slide'><\/div>\",\"<div class='nav-btn next-slide'><\/div>\"],\r\n        \t\t    responsive:{\r\n        \t\t        0:{\r\n        \t\t            items:1        \t\t        },\r\n        \t\t        600:{\r\n        \t\t            items:4        \t\t        },\r\n        \t\t        1000:{\r\n        \t\t            items:6        \t\t        }\r\n        \t\t    }\r\n        \t\t});\r\n        \t});\r\n        <\/script>\r\n\r\n        <\/div><\/div><\/div><\/div><\/div>","protected":false},"excerpt":{"rendered":"Osobn\u00fd \u0161of\u00e9r Slu\u017eba osobn\u00e9ho \u0161of\u00e9ra Spolo\u010dnos\u0165 SA-CARS v\u00e1m pon\u00faka slu\u017ebu osobn\u00e9ho \u0161of\u00e9ra, ktor\u00fd V\u00e1m dok\u00e1\u017ee zabezpe\u010di\u0165 pracovn\u00fa cestu po slovensku ale aj v zahrani\u010d\u00ed. Pon\u00fakame pln\u00fd klientsk\u00fd servis pod\u013ea po\u017eiadaviek klienta. Samozrejmos\u0165ou je reprezentat\u00edvne, profesion\u00e1lne vystupovanie a diskr\u00e9tnos\u0165. Osobn\u00e9ho \u0161of\u00e9ra si m\u00f4\u017ete objedna\u0165 samostatne alebo aj s vozidlom pr\u00e9miovej zna\u010dky \u0160koda SUPERB alebo Mercedes-Benz. Ku [...]","protected":false},"author":1,"featured_media":0,"parent":0,"menu_order":0,"comment_status":"closed","ping_status":"closed","template":"","meta":{"footnotes":""},"class_list":["post-2060","page","type-page","status-publish","hentry"],"_links":{"self":[{"href":"https:\/\/test5.cart.sk\/en\/wp-json\/wp\/v2\/pages\/2060","targetHints":{"allow":["GET"]}}],"collection":[{"href":"https:\/\/test5.cart.sk\/en\/wp-json\/wp\/v2\/pages"}],"about":[{"href":"https:\/\/test5.cart.sk\/en\/wp-json\/wp\/v2\/types\/page"}],"author":[{"embeddable":true,"href":"https:\/\/test5.cart.sk\/en\/wp-json\/wp\/v2\/users\/1"}],"replies":[{"embeddable":true,"href":"https:\/\/test5.cart.sk\/en\/wp-json\/wp\/v2\/comments?post=2060"}],"version-history":[{"count":8,"href":"https:\/\/test5.cart.sk\/en\/wp-json\/wp\/v2\/pages\/2060\/revisions"}],"predecessor-version":[{"id":2070,"href":"https:\/\/test5.cart.sk\/en\/wp-json\/wp\/v2\/pages\/2060\/revisions\/2070"}],"wp:attachment":[{"href":"https:\/\/test5.cart.sk\/en\/wp-json\/wp\/v2\/media?parent=2060"}],"curies":[{"name":"wp","href":"https:\/\/api.w.org\/{rel}","templated":true}]}}