{"id":2076,"date":"2022-01-11T21:04:16","date_gmt":"2022-01-11T20:04:16","guid":{"rendered":"https:\/\/test5.cart.sk\/?page_id=2076"},"modified":"2022-02-21T00:31:52","modified_gmt":"2022-02-20T23:31:52","slug":"prenajom-svadobne-auto","status":"publish","type":"page","link":"https:\/\/test5.cart.sk\/en\/prenajom-svadobne-auto\/","title":{"rendered":"Wedding car"},"content":{"rendered":"<div id=\"st-car-search-from-home\" data-vc-full-width=\"true\" data-vc-full-width-init=\"false\" class=\"vc_row wpb_row vc_row-fluid vc_custom_1641960763444 vc_row-has-fill\"><div class=\"turbo-default-wrap\" ><div class=\"wpb_column vc_column_container vc_col-sm-12\"><div class=\"vc_column-inner\"><div class=\"wpb_wrapper\">\n\t<div class=\"wpb_text_column wpb_content_element\" >\n\t\t<div class=\"wpb_wrapper\">\n\t\t\t<h1 style=\"text-align: center;\"><span style=\"color: #ffffff;\">WEDDING CAR<\/span><\/h1>\n\n\t\t<\/div>\n\t<\/div>\n<\/div><\/div><\/div><\/div><\/div><div class=\"vc_row-full-width vc_clearfix\"><\/div><div class=\"vc_row wpb_row vc_row-fluid\"><div class=\"turbo-default-wrap\" ><div class=\"wpb_column vc_column_container vc_col-sm-12\"><div class=\"vc_column-inner\"><div class=\"wpb_wrapper\"><section class=\"vc_cta3-container\"><div class=\"vc_general vc_cta3 vc_cta3-style-classic vc_cta3-shape-rounded vc_cta3-align-center vc_cta3-color-classic vc_cta3-icon-size-md\"><div class=\"vc_cta3_content-container\"><div class=\"vc_cta3-content\"><header class=\"vc_cta3-content-header\"><h2>Rent a Wedding Car<\/h2><\/header><\/div><\/div><\/div><\/section>\n\t<div class=\"wpb_text_column wpb_content_element  vc_custom_1643223228680\" >\n\t\t<div class=\"wpb_wrapper\">\n\t\t\t<p>The company SA-CARS offers newlyweds a luxury wedding car rental.<\/p>\n<p>The \u0160KODA Superb is ready for our clients as a wedding car or other vehicles <a href=\"https:\/\/test5.cart.sk\/en\/prenajom\/\"><strong>just choose the<\/strong><\/a><\/p>\n<p>Decoration on the front hood you to customize according to their own choice. We recommend you order with us or of the wedding salon.<\/p>\n<p>Price for rent a wedding car is for promotional price (the price is included 5 hours and 300km traffic kilometers).<\/p>\n\n\t\t<\/div>\n\t<\/div>\n<div class=\"vc_row wpb_row vc_inner vc_row-fluid st-become-feature text-center vc_custom_1639658164763\"><div class=\"wpb_column vc_column_container vc_col-sm-6\"><div class=\"vc_column-inner\"><div class=\"wpb_wrapper\">\n\t<div class=\"wpb_text_column wpb_content_element\" >\n\t\t<div class=\"wpb_wrapper\">\n\t\t\t<h3 style=\"text-align: left;\">Services<\/h3>\n<ul style=\"text-align: left;\">\n<li>Wedding car<\/li>\n<li>Wedding decoration<\/li>\n<li>Personal driver<\/li>\n<li>Delivery vehicle<\/li>\n<li>Surprise<\/li>\n<\/ul>\n\n\t\t<\/div>\n\t<\/div>\n<\/div><\/div><\/div><div class=\"wpb_column vc_column_container vc_col-sm-6\"><div class=\"vc_column-inner\"><div class=\"wpb_wrapper\">\n\t<div class=\"wpb_text_column wpb_content_element\" >\n\t\t<div class=\"wpb_wrapper\">\n\t\t\t<h3 style=\"text-align: left;\">Vehicles<\/h3>\n<ul style=\"text-align: left;\">\n<li>New car<\/li>\n<li>BMW 7<\/li>\n<li>Skoda Superb<\/li>\n<li>Porsche Cayenne<\/li>\n<li>Porsche Panamera<\/li>\n<\/ul>\n\n\t\t<\/div>\n\t<\/div>\n<\/div><\/div><\/div><\/div><\/div><\/div><\/div><\/div><\/div><div class=\"vc_row wpb_row vc_row-fluid\"><div class=\"turbo-default-wrap\" ><div class=\"wpb_column vc_column_container vc_col-sm-12\"><div class=\"vc_column-inner\"><div class=\"wpb_wrapper\"><div class=\"vc_separator wpb_content_element vc_separator_align_center vc_sep_width_100 vc_sep_pos_align_center vc_separator_no_text\" ><span class=\"vc_sep_holder vc_sep_holder_l\"><span  style=\"border-color:#d7dce3;\" class=\"vc_sep_line\"><\/span><\/span><span class=\"vc_sep_holder vc_sep_holder_r\"><span  style=\"border-color:#d7dce3;\" class=\"vc_sep_line\"><\/span><\/span>\n<\/div><\/div><\/div><\/div><\/div><\/div><div class=\"vc_row wpb_row vc_row-fluid st-become-feature-wrapper text-center\"><div class=\"turbo-default-wrap\" ><div class=\"wpb_column vc_column_container vc_col-sm-12\"><div class=\"vc_column-inner\"><div class=\"wpb_wrapper\"><\/div><\/div><\/div><\/div><\/div><div id=\"dlhodoby_form\" class=\"vc_row wpb_row vc_row-fluid\"><div class=\"turbo-default-wrap\" ><div class=\"wpb_column vc_column_container vc_col-sm-12\"><div class=\"vc_column-inner\"><div class=\"wpb_wrapper\"><div class=\"vc_row wpb_row vc_inner vc_row-fluid\"><div class=\"wpb_column vc_column_container vc_col-sm-12\"><div class=\"vc_column-inner\"><div class=\"wpb_wrapper\">\n\t<div class=\"wpb_text_column wpb_content_element\" >\n\t\t<div class=\"wpb_wrapper\">\n\t\t\t<h3 style=\"text-align: center;\">Wedding Car Order<\/h3>\n\n\t\t<\/div>\n\t<\/div>\n<div class=\"vc_empty_space\"   style=\"height: 35px\"><span class=\"vc_empty_space_inner\"><\/span><\/div><div role=\"form\" class=\"wpcf7\" id=\"wpcf7-f1849-o1\" lang=\"sk-SK\" dir=\"ltr\">\n<div class=\"screen-reader-response\"><p role=\"status\" aria-live=\"polite\" aria-atomic=\"true\"><\/p> <ul><\/ul><\/div>\n<form action=\"\/en\/wp-json\/wp\/v2\/pages\/2076#wpcf7-f1849-o1\" method=\"post\" class=\"wpcf7-form init\" novalidate=\"novalidate\" data-status=\"init\" data-trp-original-action=\"\/en\/wp-json\/wp\/v2\/pages\/2076#wpcf7-f1849-o1\">\n<div style=\"display: none;\">\n<input type=\"hidden\" name=\"_wpcf7\" value=\"1849\" \/>\n<input type=\"hidden\" name=\"_wpcf7_version\" value=\"5.5.4\" \/>\n<input type=\"hidden\" name=\"_wpcf7_locale\" value=\"sk_SK\" \/>\n<input type=\"hidden\" name=\"_wpcf7_unit_tag\" value=\"wpcf7-f1849-o1\" \/>\n<input type=\"hidden\" name=\"_wpcf7_container_post\" value=\"0\" \/>\n<input type=\"hidden\" name=\"_wpcf7_posted_data_hash\" value=\"\" \/>\n<\/div>\n<div class=\"mt30\">\n<div class=\"row\">\n<div class=\"col-md-6\">\n<div class=\"form-group\">\n                                    <label>The Beginning Of The Lease *<\/label> <span class=\"wpcf7-form-control-wrap Zaciatok\"><input type=\"text\" name=\"Zaciatok\" value=\"\" size=\"40\" class=\"wpcf7-form-control wpcf7-text wpcf7-validates-as-required form-control\" id=\"text-278\" aria-required=\"true\" aria-invalid=\"false\" placeholder=\"The Beginning of the Lease - pattern: 11.2.2020\/11:30\" \/><\/span>\n                                <\/div>\n<\/div>\n<div class=\"col-md-6\">\n<div class=\"form-group\">\n                                    <label>End Of Lease *<\/label><span class=\"wpcf7-form-control-wrap text-906\"><input type=\"text\" name=\"text-906\" value=\"\" size=\"40\" class=\"wpcf7-form-control wpcf7-text wpcf7-validates-as-required form-control\" id=\"text-906\" aria-required=\"true\" aria-invalid=\"false\" placeholder=\"End of Lease - pattern: 11.2.2020\/11:30\" \/><\/span>\n                                <\/div>\n<\/div>\n<\/div>\n<div class=\"mt30\">\n<div class=\"row\">\n<div class=\"col-md-6\">\n<div class=\"form-group\">\n                                    <label>Name and Surname *<\/label><span class=\"wpcf7-form-control-wrap Meno\"><input type=\"text\" name=\"Meno\" value=\"\" size=\"40\" class=\"wpcf7-form-control wpcf7-text wpcf7-validates-as-required form-control\" id=\"text-694\" aria-required=\"true\" aria-invalid=\"false\" placeholder=\"Name and Surname\" \/><\/span>\n                                <\/div>\n<\/div>\n<div class=\"col-md-6\">\n<div class=\"form-group\">\n                                    <label>E-mail *<\/label><span class=\"wpcf7-form-control-wrap E-mail\"><input type=\"email\" name=\"E-mail\" value=\"\" size=\"40\" class=\"wpcf7-form-control wpcf7-text wpcf7-email wpcf7-validates-as-required wpcf7-validates-as-email form-control\" id=\"email-998\" aria-required=\"true\" aria-invalid=\"false\" placeholder=\"E-mail\" \/><\/span>\n                                <\/div>\n<\/div>\n<\/div>\n<div class=\"mt30\">\n<div class=\"row\">\n<div class=\"col-md-6\">\n<div class=\"form-group\">\n                                    <label>Phone *<\/label><span class=\"wpcf7-form-control-wrap Telefon\"><input type=\"text\" name=\"Telefon\" value=\"\" size=\"40\" class=\"wpcf7-form-control wpcf7-text wpcf7-validates-as-required form-control\" id=\"text-164\" aria-required=\"true\" aria-invalid=\"false\" placeholder=\"0900 000 000\" \/><\/span>\n                                <\/div>\n<\/div>\n<div class=\"col-md-6\">\n<div class=\"form-group\">\n                                    <label>Car for rent *<\/label><span class=\"wpcf7-form-control-wrap AutonaPrenjom\"><select name=\"AutonaPrenjom\" class=\"wpcf7-form-control wpcf7-select wpcf7-validates-as-required\" id=\"menu-970\" aria-required=\"true\" aria-invalid=\"false\"><option value=\"VYBERTE VOZIDLO\">SELECT THE VEHICLE<\/option><option value=\"\u0160koda Citigo\">Skoda Citigo<\/option><option value=\"\u0160koda Fabia - manual\">Skoda Fabia - manual<\/option><option value=\"\u0160koda Fabia Combi - manual\">Skoda Fabia Combi - manual<\/option><option value=\"\u0160koda Fabia Combi - automat\">Skoda Fabia Combi - slot machine<\/option><option value=\"\u0160koda Rapid - manual\">\u0160koda Rapid - manual<\/option><option value=\"\u0160koda Octavia - manual\">Skoda Octavia - manual<\/option><option value=\"\u0160koda Octavia - automat\">Skoda Octavia - reel<\/option><option value=\"\u0160koda Octavia Combi - automat\">Skoda Octavia Combi - slot machine<\/option><option value=\"\u0160koda Octavia Combi RS - automat\">Skoda Octavia Combi RS - reel<\/option><option value=\"Skoda Scala - manual\">Skoda Scala - manual<\/option><option value=\"\u0160koda Superb - automat\">Skoda Superb - reel<\/option><option value=\"\u0160koda Kamiq - manual\">Skoda Kamiq - manual<\/option><option value=\"\u0160koda Karoq - automat\">Skoda Karoq - reel<\/option><option value=\"\u0160koda Kodiaq - automat\">Skoda Kodiaq - reel<\/option><option value=\"Renault Scenic 7 miestne\">Renault highlights scenic 7 local<\/option><option value=\"Renault Trafic 9 miestne\">Renault Application of 9 local<\/option><option value=\"Citroen Jumper - Dod\u00e1vka\">Citroen Jumper - Delivery<\/option><option value=\"Renault Master - Dod\u00e1vka\">Renault Master - Supply<\/option><\/select><\/span><\/p>\n<\/div>\n<\/div>\n<\/div>\n<div class=\"form-group sprva2\">\n                            <label>Message *<\/label><span class=\"wpcf7-form-control-wrap Sprva\"><textarea name=\"Sprva\" cols=\"40\" rows=\"3\" class=\"wpcf7-form-control wpcf7-textarea wpcf7-validates-as-required form-control\" id=\"textarea-234\" aria-required=\"true\" aria-invalid=\"false\" placeholder=\"Message\"><\/textarea><\/span>\n                       <\/div>\n<p><span class=\"wpcf7-form-control-wrap Shlas\"><span class=\"wpcf7-form-control wpcf7-acceptance optional\"><span class=\"wpcf7-list-item\"><label><input type=\"checkbox\" name=\"Shlas\" value=\"1\" aria-invalid=\"false\" id=\"acceptance-164\" \/><span class=\"wpcf7-list-item-label\">I agree with the sending and processing of terms and conditions<\/span><\/label><\/span><\/span><\/span> <br><br \/>\n                         <input type=\"submit\" value=\"SEND A MESSAGE\" class=\"wpcf7-form-control has-spinner wpcf7-submit btn ban-primary\" \/><\/p>\n<\/div>\n<div class=\"wpcf7-response-output\" aria-hidden=\"true\"><\/div><input type=\"hidden\" name=\"trp-form-language\" value=\"en\"\/><\/form><\/div><\/div><\/div><\/div><\/div><\/div><\/div><\/div><\/div><\/div><div class=\"vc_row wpb_row vc_row-fluid\"><div class=\"turbo-default-wrap\" ><div class=\"wpb_column vc_column_container vc_col-sm-12\"><div class=\"vc_column-inner\"><div class=\"wpb_wrapper\"><div class=\"vc_separator wpb_content_element vc_separator_align_center vc_sep_width_100 vc_sep_pos_align_center vc_separator_no_text\" ><span class=\"vc_sep_holder vc_sep_holder_l\"><span  style=\"border-color:#d7dce3;\" class=\"vc_sep_line\"><\/span><\/span><span class=\"vc_sep_holder vc_sep_holder_r\"><span  style=\"border-color:#d7dce3;\" class=\"vc_sep_line\"><\/span><\/span>\n<\/div><\/div><\/div><\/div><\/div><\/div><div class=\"vc_row wpb_row vc_row-fluid vc_custom_1556175635004\"><div class=\"turbo-default-wrap\" ><div class=\"wpb_column vc_column_container vc_col-sm-12\"><div class=\"vc_column-inner\"><div class=\"wpb_wrapper\">\n\t<div class=\"wpb_text_column wpb_content_element  vc_custom_1581522868424\" >\n\t\t<div class=\"wpb_wrapper\">\n\t\t\t<h2 style=\"text-align: center;\"><span style=\"color: #1a2b48;\">Our car rental in the city<\/span><\/h2>\n\n\t\t<\/div>\n\t<\/div>\n<\/div><\/div><\/div><\/div><\/div><div id=\"letiska1\" class=\"vc_row wpb_row vc_row-fluid\"><div class=\"turbo-default-wrap\" ><div class=\"wpb_column vc_column_container vc_col-sm-12\"><div class=\"vc_column-inner\"><div class=\"wpb_wrapper\">\r\n        <style>\r\n        \t.unique-carousel-199 .owl-next, .unique-carousel-199 .owl-prev{\r\n        \t\tbackground: #1a2b48  !important;\r\n        \t\tcolor: #ffffff !important;\r\n        \t}\r\n\r\n        \t.unique-carousel-199.owl-theme .owl-dots .owl-dot.active span, .unique-carousel-199.owl-theme .owl-dots .owl-dot:hover span{\r\n        \t\tbackground: #1a2b48 !important;\r\n        \t}\r\n\r\n        \t.owl-next, .owl-prev{\r\n        \t\ttop: 40%;\r\n        \t}\r\n        <\/style>\r\n        <div class=\"wdo-carosuel-container unique-carousel-199 owl-carousel owl-theme\">\r\n        \t\t\t\t\r\n\t\t<div class=\"item\">\r\n\t\t\t\n\t<div  class=\"wpb_single_image wpb_content_element vc_align_center  wpb_animate_when_almost_visible wpb_fadeIn fadeIn\">\n\t\t\n\t\t<figure class=\"wpb_wrapper vc_figure\">\n\t\t\t<a href=\"https:\/\/test5.cart.sk\/en\/kosice\/\" target=\"_self\" class=\"vc_single_image-wrapper   vc_box_border_grey\"><img loading=\"lazy\" decoding=\"async\" class=\"vc_single_image-img\" src=\"https:\/\/test5.cart.sk\/wp-content\/uploads\/2021\/12\/letisko-kosice-370x370-2-340x340.png\" width=\"340\" height=\"340\" alt=\"letisko-kosice-370x370\" title=\"airport-kosice-370x370\" \/><\/a>\n\t\t<\/figure>\n\t<\/div>\n\t\t<\/div>\r\n\r\n\t\t\t\t\t\r\n\t\t<div class=\"item\">\r\n\t\t\t\n\t<div  class=\"wpb_single_image wpb_content_element vc_align_center  wpb_animate_when_almost_visible wpb_fadeIn fadeIn\">\n\t\t\n\t\t<figure class=\"wpb_wrapper vc_figure\">\n\t\t\t<a href=\"https:\/\/test5.cart.sk\/en\/bratislava\/\" target=\"_self\" class=\"vc_single_image-wrapper   vc_box_border_grey\"><img loading=\"lazy\" decoding=\"async\" class=\"vc_single_image-img\" src=\"https:\/\/test5.cart.sk\/wp-content\/uploads\/2021\/12\/letisko-bratislava-1024x1024-1-340x340.webp\" width=\"340\" height=\"340\" alt=\"letisko-bratislava-1024x1024\" title=\"airport-bratislava-1024x1024\" \/><\/a>\n\t\t<\/figure>\n\t<\/div>\n\t\t<\/div>\r\n\r\n\t\t\t\t\t\r\n\t\t<div class=\"item\">\r\n\t\t\t\n\t<div  class=\"wpb_single_image wpb_content_element vc_align_center  wpb_animate_when_almost_visible wpb_fadeIn fadeIn\">\n\t\t\n\t\t<figure class=\"wpb_wrapper vc_figure\">\n\t\t\t<a href=\"https:\/\/test5.cart.sk\/en\/poprad\/\" target=\"_self\" class=\"vc_single_image-wrapper   vc_box_border_grey\"><img loading=\"lazy\" decoding=\"async\" class=\"vc_single_image-img\" src=\"https:\/\/test5.cart.sk\/wp-content\/uploads\/2021\/12\/letisko-poprad-370x370-1-1-340x340.png\" width=\"340\" height=\"340\" alt=\"letisko-poprad-370x370 (1)\" title=\"airport-poprad-370x370 (1)\" \/><\/a>\n\t\t<\/figure>\n\t<\/div>\n\t\t<\/div>\r\n\r\n\t\t\t\t\t\r\n\t\t<div class=\"item\">\r\n\t\t\t\n\t<div  class=\"wpb_single_image wpb_content_element vc_align_center  wpb_animate_when_almost_visible wpb_fadeIn fadeIn\">\n\t\t\n\t\t<figure class=\"wpb_wrapper vc_figure\">\n\t\t\t<a href=\"https:\/\/test5.cart.sk\/en\/budapest\/\" target=\"_self\" class=\"vc_single_image-wrapper   vc_box_border_grey\"><img loading=\"lazy\" decoding=\"async\" class=\"vc_single_image-img\" src=\"https:\/\/test5.cart.sk\/wp-content\/uploads\/2021\/12\/letisko-budapest-370x370-1-340x340.png\" width=\"340\" height=\"340\" alt=\"letisko-budapest-370x370\" title=\"airport-budapest-370x370\" \/><\/a>\n\t\t<\/figure>\n\t<\/div>\n\t\t<\/div>\r\n\r\n\t\t\t\t\t\r\n\t\t<div class=\"item\">\r\n\t\t\t\n\t<div  class=\"wpb_single_image wpb_content_element vc_align_center\">\n\t\t\n\t\t<figure class=\"wpb_wrapper vc_figure\">\n\t\t\t<a href=\"https:\/\/test5.cart.sk\/en\/krakow\/\" target=\"_self\" class=\"vc_single_image-wrapper   vc_box_border_grey\"><img loading=\"lazy\" decoding=\"async\" class=\"vc_single_image-img\" src=\"https:\/\/test5.cart.sk\/wp-content\/uploads\/2021\/12\/letisko-krakow-370x370-1-340x340.png\" width=\"340\" height=\"340\" alt=\"letisko-krakow-370x370\" title=\"airport-krakow-370x370\" \/><\/a>\n\t\t<\/figure>\n\t<\/div>\n\t\t<\/div>\r\n\r\n\t\t\t\t\t\r\n\t\t<div class=\"item\">\r\n\t\t\t\n\t<div  class=\"wpb_single_image wpb_content_element vc_align_center\">\n\t\t\n\t\t<figure class=\"wpb_wrapper vc_figure\">\n\t\t\t<a href=\"https:\/\/test5.cart.sk\/en\/vienna\/\" target=\"_self\" class=\"vc_single_image-wrapper   vc_box_border_grey\"><img loading=\"lazy\" decoding=\"async\" class=\"vc_single_image-img\" src=\"https:\/\/test5.cart.sk\/wp-content\/uploads\/2021\/12\/letisko-wien-370x370-1-340x340.png\" width=\"340\" height=\"340\" alt=\"letisko-wien-370x370\" title=\"airport-wien-370x370\" \/><\/a>\n\t\t<\/figure>\n\t<\/div>\n\t\t<\/div>\r\n\r\n\t\t        <\/div>\r\n        <script type=\"text\/javascript\">\r\n        \tjQuery(document).ready(function ($) {\r\n        \t\t$('.unique-carousel-199').owlCarousel({\r\n        \t\t    margin:10,\r\n        \t\t    touchDrag:true,\r\n        \t\t    mouseDrag:true,\r\n        \t\t    animateIn: \"no-animation\",\r\n        \t\t    animateOut: \"no-animation\",\r\n        \t\t    video:true,\r\n        \t\t    videoWidth:true,\r\n        \t\t    videoHeight:300,\r\n        \t\t    loop:false,\r\n        \t\t    slideBy:1,\r\n        \t\t    autoplay:false, \r\n        \t\t    nav:true,\r\n        \t\t    dots:true,\r\n        \t\t    navText:[\"<div class='nav-btn prev-slide'><\/div>\",\"<div class='nav-btn next-slide'><\/div>\"],\r\n        \t\t    responsive:{\r\n        \t\t        0:{\r\n        \t\t            items:1        \t\t        },\r\n        \t\t        600:{\r\n        \t\t            items:4        \t\t        },\r\n        \t\t        1000:{\r\n        \t\t            items:6        \t\t        }\r\n        \t\t    }\r\n        \t\t});\r\n        \t});\r\n        <\/script>\r\n\r\n        <\/div><\/div><\/div><\/div><\/div>","protected":false},"excerpt":{"rendered":"SVADOBN\u00c9 AUTO Pren\u00e1jom svadobn\u00e9ho auta Spolo\u010dnos\u0165 SA-CARS pon\u00faka novoman\u017eelom na pren\u00e1jom luxusn\u00e9 svadobn\u00e9 auto Pre na\u0161ich klientov je pripraven\u00e1 \u0160KODA Superb ako svadobn\u00e9 auto alebo aj \u010fal\u0161ie vozidl\u00e1 sta\u010d\u00ed si vybra\u0165 Ozdobu na predn\u00fa kapotu si viete prisp\u00f4sobi\u0165 pod\u013ea vlastn\u00e9ho v\u00fdberu. Doporu\u010dujeme si ju objedna\u0165 u n\u00e1s alebo zo svadobn\u00e9ho sal\u00f3nu. Cena za pren\u00e1jom svadobn\u00e9ho [...]","protected":false},"author":1,"featured_media":0,"parent":0,"menu_order":0,"comment_status":"closed","ping_status":"closed","template":"","meta":{"footnotes":""},"class_list":["post-2076","page","type-page","status-publish","hentry"],"_links":{"self":[{"href":"https:\/\/test5.cart.sk\/en\/wp-json\/wp\/v2\/pages\/2076","targetHints":{"allow":["GET"]}}],"collection":[{"href":"https:\/\/test5.cart.sk\/en\/wp-json\/wp\/v2\/pages"}],"about":[{"href":"https:\/\/test5.cart.sk\/en\/wp-json\/wp\/v2\/types\/page"}],"author":[{"embeddable":true,"href":"https:\/\/test5.cart.sk\/en\/wp-json\/wp\/v2\/users\/1"}],"replies":[{"embeddable":true,"href":"https:\/\/test5.cart.sk\/en\/wp-json\/wp\/v2\/comments?post=2076"}],"version-history":[{"count":11,"href":"https:\/\/test5.cart.sk\/en\/wp-json\/wp\/v2\/pages\/2076\/revisions"}],"predecessor-version":[{"id":2557,"href":"https:\/\/test5.cart.sk\/en\/wp-json\/wp\/v2\/pages\/2076\/revisions\/2557"}],"wp:attachment":[{"href":"https:\/\/test5.cart.sk\/en\/wp-json\/wp\/v2\/media?parent=2076"}],"curies":[{"name":"wp","href":"https:\/\/api.w.org\/{rel}","templated":true}]}}