{"id":664,"date":"2017-04-18T14:13:04","date_gmt":"2017-04-18T14:13:04","guid":{"rendered":"http:\/\/redq.io\/turbo\/?page_id=664"},"modified":"2022-03-07T01:11:55","modified_gmt":"2022-03-07T00:11:55","slug":"kontakt","status":"publish","type":"page","link":"https:\/\/test5.cart.sk\/en\/kontakt\/","title":{"rendered":"Contact"},"content":{"rendered":"<div class=\"vc_row wpb_row vc_row-fluid\"><div class=\"turbo-default-wrap\" ><div class=\"wpb_column vc_column_container vc_col-sm-6\" id=\"pre_vas\"><div class=\"vc_column-inner\"><div class=\"wpb_wrapper\">\n\t<div class=\"wpb_text_column wpb_content_element  vc_custom_1639450923611\" >\n\t\t<div class=\"wpb_wrapper\">\n\t\t\t<h3>We are here for you<\/h3>\n<p><span style=\"color: #999999;\">Send us a message and we will respond within 10 minutes<\/span><\/p>\n\n\t\t<\/div>\n\t<\/div>\n<div role=\"form\" class=\"wpcf7\" id=\"wpcf7-f1124-o1\" lang=\"en-US\" dir=\"ltr\">\n<div class=\"screen-reader-response\"><p role=\"status\" aria-live=\"polite\" aria-atomic=\"true\"><\/p> <ul><\/ul><\/div>\n<form action=\"\/en\/wp-json\/wp\/v2\/pages\/664#wpcf7-f1124-o1\" method=\"post\" class=\"wpcf7-form init\" novalidate=\"novalidate\" data-status=\"init\" data-trp-original-action=\"\/en\/wp-json\/wp\/v2\/pages\/664#wpcf7-f1124-o1\">\n<div style=\"display: none;\">\n<input type=\"hidden\" name=\"_wpcf7\" value=\"1124\" \/>\n<input type=\"hidden\" name=\"_wpcf7_version\" value=\"5.5.4\" \/>\n<input type=\"hidden\" name=\"_wpcf7_locale\" value=\"en_US\" \/>\n<input type=\"hidden\" name=\"_wpcf7_unit_tag\" value=\"wpcf7-f1124-o1\" \/>\n<input type=\"hidden\" name=\"_wpcf7_container_post\" value=\"0\" \/>\n<input type=\"hidden\" name=\"_wpcf7_posted_data_hash\" value=\"\" \/>\n<\/div>\n<div class=\"st-contact-form\">\n<div class=\"contact-header\">\n                        <\/div>\n<div class=\"contact-form\">\n<div class=\"form-group\">\n<span class=\"wpcf7-form-control-wrap your-name\"><input type=\"text\" name=\"your-name\" value=\"\" size=\"40\" class=\"wpcf7-form-control wpcf7-text wpcf7-validates-as-required form-control\" aria-required=\"true\" aria-invalid=\"false\" placeholder=\"Name\" \/><\/span>\n                            <\/div>\n<div class=\"form-group\">\n<span class=\"wpcf7-form-control-wrap your-name\"><input type=\"email\" name=\"your-name\" value=\"\" size=\"40\" class=\"wpcf7-form-control wpcf7-text wpcf7-email wpcf7-validates-as-required wpcf7-validates-as-email form-control\" aria-required=\"true\" aria-invalid=\"false\" placeholder=\"Email\" \/><\/span>\n                            <\/div>\n<div class=\"form-group\">\n<span class=\"wpcf7-form-control-wrap your-message\"><textarea name=\"your-message\" cols=\"40\" rows=\"10\" class=\"wpcf7-form-control wpcf7-textarea form-control\" aria-invalid=\"false\" placeholder=\"Message\"><\/textarea><\/span>\n                            <\/div>\n<p><input type=\"submit\" value=\"SEND\" class=\"wpcf7-form-control has-spinner wpcf7-submit btn ban-primary\" \/><\/p>\n<\/div>\n<\/div>\n<div class=\"wpcf7-response-output\" aria-hidden=\"true\"><\/div><input type=\"hidden\" name=\"trp-form-language\" value=\"en\"\/><\/form><\/div><\/div><\/div><\/div><div class=\"orange_pozicovna wpb_column vc_column_container vc_col-sm-6\"><div class=\"vc_column-inner\"><div class=\"wpb_wrapper\">\n\t<div  class=\"wpb_single_image wpb_content_element vc_align_center  wpb_animate_when_almost_visible wpb_fadeIn fadeIn\">\n\t\t\n\t\t<figure class=\"wpb_wrapper vc_figure\">\n\t\t\t<div class=\"vc_single_image-wrapper   vc_box_border_grey\"><img loading=\"lazy\" decoding=\"async\" width=\"470\" height=\"313\" src=\"https:\/\/test5.cart.sk\/wp-content\/uploads\/2021\/12\/kontakt_autopozicovna_kosice_sacars.webp\" class=\"vc_single_image-img attachment-full\" alt=\"\" srcset=\"https:\/\/test5.cart.sk\/wp-content\/uploads\/2021\/12\/kontakt_autopozicovna_kosice_sacars.webp 470w, https:\/\/test5.cart.sk\/wp-content\/uploads\/2021\/12\/kontakt_autopozicovna_kosice_sacars-300x200.webp 300w\" sizes=\"auto, (max-width: 470px) 100vw, 470px\" \/><\/div>\n\t\t<\/figure>\n\t<\/div>\n\n\t<div class=\"wpb_text_column wpb_content_element  vc_custom_1639449933693\" id=\"kontakt_text\">\n\t\t<div class=\"wpb_wrapper\">\n\t\t\t<h3><strong><span style=\"color: #ffffff;\">Sa-Cars Car Rental Ko\u0161ice<\/span><br \/>\n<span style=\"color: #1a2b48;\">Tel.: +421 948 844 412<\/span><br \/>\n<span style=\"color: #ffffff;\">Email:\u00a0rent@sa-cars.sk<\/span><\/strong><\/h3>\n<p class=\"address\"><span style=\"color: #ffffff;\">Mlyn\u00e1rska 15, Ko\u0161ice 040 01<\/span><br \/>\n<strong><span style=\"color: #ffffff;\">Monday - Friday: 08:00 \u2013 16:30<\/span><\/strong><br \/>\n<span style=\"color: #ffffff;\">We'll be happy to assist you <b>outside of working hours.<\/b><\/span><br \/>\n<span style=\"color: #ffffff;\">We will deliver the vehicle to any address within Slovakia.<\/span><\/p>\n\n\t\t<\/div>\n\t<\/div>\n<\/div><\/div><\/div><\/div><\/div><div id=\"mapa\" class=\"vc_row wpb_row vc_row-fluid\"><div class=\"turbo-default-wrap\" ><div class=\"wpb_column vc_column_container vc_col-sm-12\"><div class=\"vc_column-inner\"><div class=\"wpb_wrapper\"><div class=\"wpb_gmaps_widget wpb_content_element vc_custom_1642553391439\"><div class=\"wpb_wrapper\"><div class=\"wpb_map_wraper\"><iframe loading=\"lazy\" src=\"https:\/\/www.google.com\/maps\/embed?pb=!1m18!1m12!1m3!1d658.1201834679921!2d21.257762429221025!3d48.715405198704616!2m3!1f0!2f0!3f0!3m2!1i1024!2i768!4f13.1!3m3!1m2!1s0x473ee107b177264d%3A0x38cd861b52183e5f!2zQXV0b3Bvxb5pxI1vdsWIYSBLb8WhaWNlIPCfmpggfCBTQS1DQVJTIOKtkO-4j-KtkO-4j-KtkO-4j-KtkO-4j-KtkO-4jw!5e0!3m2!1ssk!2ssk!4v1583831955057!5m2!1ssk!2ssk\" width=\"1140\" height=\"455\" frameborder=\"0\" style=\"border:0;\" allowfullscreen=\"\"><\/iframe><\/div><\/div><\/div><\/div><\/div><\/div><\/div><\/div><div class=\"vc_row wpb_row vc_row-fluid\"><div class=\"turbo-default-wrap\" ><div class=\"wpb_column vc_column_container vc_col-sm-12\"><div class=\"vc_column-inner\"><div class=\"wpb_wrapper\"><div class=\"vc_row wpb_row vc_inner vc_row-fluid st-become-feature text-center\"><div class=\"pozicovne_fix_widthh wpb_column vc_column_container vc_col-sm-6\"><div class=\"vc_column-inner\"><div class=\"wpb_wrapper\">\n\t<div class=\"wpb_text_column wpb_content_element\" >\n\t\t<div class=\"wpb_wrapper\">\n\t\t\t<h3>Autopo\u017ei\u010dov\u0148a \/ Letisko<\/h3>\n\n\t\t<\/div>\n\t<\/div>\n\n\t<div class=\"wpb_text_column wpb_content_element\" >\n\t\t<div class=\"wpb_wrapper\">\n\t\t\t<p style=\"text-align: left;\">We are located in the city center on Mlyn\u00e1rsk\u00e1 street no. 15 in Ko\u0161ice. We offer new vehicles for short-term rental. If you want to bring your vehicle to the airport, we will be waiting for you in the arrival hall with <b>na\u0161ou reklamou SA-CARS<\/b><\/p>\n\n\t\t<\/div>\n\t<\/div>\n<\/div><\/div><\/div><div class=\"pozicovne_fix_widthh wpb_column vc_column_container vc_col-sm-6\"><div class=\"vc_column-inner\"><div class=\"wpb_wrapper\">\n\t<div class=\"wpb_text_column wpb_content_element\" >\n\t\t<div class=\"wpb_wrapper\">\n\t\t\t<h3>Autopo\u017ei\u010dov\u0148a \/ Mesto<\/h3>\n\n\t\t<\/div>\n\t<\/div>\n\n\t<div class=\"wpb_text_column wpb_content_element\" >\n\t\t<div class=\"wpb_wrapper\">\n\t\t\t<p style=\"text-align: left;\">Vozidlo v\u00e1m pristav\u00edme na vami vybran\u00e9 miesto, kde si ho m\u00f4\u017eete vyzdvihn\u00fa\u0165.\u00a0Pristavi\u0165 vieme na\u00a0<b>ak\u00fako\u013evek adresu v r\u00e1mci Slovenska.\u00a0<\/b>Ko\u0161ice, Pre\u0161ov, Trebi\u0161ov, Michalovce, Humenn\u00e9 Bardejov, Ro\u017e\u0148ava, Bratislava<\/p>\n\n\t\t<\/div>\n\t<\/div>\n<\/div><\/div><\/div><\/div><\/div><\/div><\/div><\/div><\/div><div class=\"vc_row wpb_row vc_row-fluid pozicovne_fix_widthh\"><div class=\"turbo-default-wrap\" ><div class=\"wpb_column vc_column_container vc_col-sm-12\"><div class=\"vc_column-inner\"><div class=\"wpb_wrapper\">\n\t<div class=\"wpb_text_column wpb_content_element\" >\n\t\t<div class=\"wpb_wrapper\">\n\t\t\t<h2 style=\"text-align: center;\">Na\u0161e Pobo\u010dky \u2013 Letisk\u00e1<\/h2>\n\n\t\t<\/div>\n\t<\/div>\n\n\t<div class=\"wpb_text_column wpb_content_element\" >\n\t\t<div class=\"wpb_wrapper\">\n\t\t\t<div class=\"carousel-slider-outer carousel-slider-outer-image-carousel carousel-slider-outer-2609\">\n<div id=\"&#039;id-2609\" class=\"owl-carousel carousel-slider carousel-slider-2609 arrows-visibility-hover arrows-outside dots-visibility-never dots-center dots-circle\" style=\"--carousel-slider-nav-color:#f1f1f1;--carousel-slider-active-nav-color:rgb(26,43,72);--carousel-slider-arrow-size:48px;--carousel-slider-bullet-size:10px\" data-slide-type=\"image-carousel\" data-owl-settings='{\"nav\":true,\"dots\":false,\"slideBy\":1,\"stagePadding\":0,\"margin\":15,\"loop\":false,\"autoplay\":true,\"autoplayTimeout\":5000,\"autoplaySpeed\":500,\"autoplayHoverPause\":true,\"lazyLoad\":false,\"autoWidth\":false,\"responsive\":{\"300\":{\"items\":1},\"600\":{\"items\":2},\"768\":{\"items\":3},\"1024\":{\"items\":4},\"1200\":{\"items\":6},\"1921\":{\"items\":6}}}'>\n<div class=\"carousel-slider__item\"><a  href=\"https:\/\/test5.cart.sk\/en\/kosice\/\" target=\"_self\"><img loading=\"lazy\" decoding=\"async\" width=\"370\" height=\"370\" src=\"https:\/\/test5.cart.sk\/wp-content\/uploads\/2022\/02\/letisko-kosice-370x370-2.png\" class=\"attachment-medium_large size-medium_large\" alt=\"\" srcset=\"https:\/\/test5.cart.sk\/wp-content\/uploads\/2022\/02\/letisko-kosice-370x370-2.png 370w, https:\/\/test5.cart.sk\/wp-content\/uploads\/2022\/02\/letisko-kosice-370x370-2-100x100.png 100w, https:\/\/test5.cart.sk\/wp-content\/uploads\/2022\/02\/letisko-kosice-370x370-2-300x300.png 300w, https:\/\/test5.cart.sk\/wp-content\/uploads\/2022\/02\/letisko-kosice-370x370-2-150x150.png 150w, https:\/\/test5.cart.sk\/wp-content\/uploads\/2022\/02\/letisko-kosice-370x370-2-12x12.png 12w\" sizes=\"auto, (max-width: 370px) 100vw, 370px\" \/><div class=\"carousel-slider__caption\"><h4 class=\"title\">Ko\u0161ice<\/h4><\/div><\/a><\/div>\n<div class=\"carousel-slider__item\"><a  href=\"https:\/\/test5.cart.sk\/en\/bratislava\/\" target=\"_self\"><img loading=\"lazy\" decoding=\"async\" width=\"370\" height=\"370\" src=\"https:\/\/test5.cart.sk\/wp-content\/uploads\/2022\/02\/letisko-bratislava-370x370-1.png\" class=\"attachment-medium_large size-medium_large\" alt=\"\" srcset=\"https:\/\/test5.cart.sk\/wp-content\/uploads\/2022\/02\/letisko-bratislava-370x370-1.png 370w, https:\/\/test5.cart.sk\/wp-content\/uploads\/2022\/02\/letisko-bratislava-370x370-1-100x100.png 100w, https:\/\/test5.cart.sk\/wp-content\/uploads\/2022\/02\/letisko-bratislava-370x370-1-300x300.png 300w, https:\/\/test5.cart.sk\/wp-content\/uploads\/2022\/02\/letisko-bratislava-370x370-1-150x150.png 150w, https:\/\/test5.cart.sk\/wp-content\/uploads\/2022\/02\/letisko-bratislava-370x370-1-12x12.png 12w\" sizes=\"auto, (max-width: 370px) 100vw, 370px\" \/><div class=\"carousel-slider__caption\"><h4 class=\"title\">Bratislava<\/h4><\/div><\/a><\/div>\n<div class=\"carousel-slider__item\"><a  href=\"https:\/\/test5.cart.sk\/en\/poprad\/\" target=\"_self\"><img loading=\"lazy\" decoding=\"async\" width=\"370\" height=\"370\" src=\"https:\/\/test5.cart.sk\/wp-content\/uploads\/2022\/02\/letisko-poprad-370x370-2.png\" class=\"attachment-medium_large size-medium_large\" alt=\"\" srcset=\"https:\/\/test5.cart.sk\/wp-content\/uploads\/2022\/02\/letisko-poprad-370x370-2.png 370w, https:\/\/test5.cart.sk\/wp-content\/uploads\/2022\/02\/letisko-poprad-370x370-2-100x100.png 100w, https:\/\/test5.cart.sk\/wp-content\/uploads\/2022\/02\/letisko-poprad-370x370-2-300x300.png 300w, https:\/\/test5.cart.sk\/wp-content\/uploads\/2022\/02\/letisko-poprad-370x370-2-150x150.png 150w, https:\/\/test5.cart.sk\/wp-content\/uploads\/2022\/02\/letisko-poprad-370x370-2-12x12.png 12w\" sizes=\"auto, (max-width: 370px) 100vw, 370px\" \/><div class=\"carousel-slider__caption\"><h4 class=\"title\">Poprad<\/h4><\/div><\/a><\/div>\n<div class=\"carousel-slider__item\"><a  href=\"https:\/\/test5.cart.sk\/en\/budapest\/\" target=\"_self\"><img loading=\"lazy\" decoding=\"async\" width=\"370\" height=\"370\" src=\"https:\/\/test5.cart.sk\/wp-content\/uploads\/2022\/02\/letisko-budapest-370x370-1.png\" class=\"attachment-medium_large size-medium_large\" alt=\"\" srcset=\"https:\/\/test5.cart.sk\/wp-content\/uploads\/2022\/02\/letisko-budapest-370x370-1.png 370w, https:\/\/test5.cart.sk\/wp-content\/uploads\/2022\/02\/letisko-budapest-370x370-1-100x100.png 100w, https:\/\/test5.cart.sk\/wp-content\/uploads\/2022\/02\/letisko-budapest-370x370-1-300x300.png 300w, https:\/\/test5.cart.sk\/wp-content\/uploads\/2022\/02\/letisko-budapest-370x370-1-150x150.png 150w, https:\/\/test5.cart.sk\/wp-content\/uploads\/2022\/02\/letisko-budapest-370x370-1-12x12.png 12w\" sizes=\"auto, (max-width: 370px) 100vw, 370px\" \/><div class=\"carousel-slider__caption\"><h4 class=\"title\">Budapest<\/h4><\/div><\/a><\/div>\n<div class=\"carousel-slider__item\"><a  href=\"https:\/\/test5.cart.sk\/en\/krakow\/\" target=\"_self\"><img loading=\"lazy\" decoding=\"async\" width=\"370\" height=\"370\" src=\"https:\/\/test5.cart.sk\/wp-content\/uploads\/2022\/02\/letisko-krakow-370x370-1.png\" class=\"attachment-medium_large size-medium_large\" alt=\"\" srcset=\"https:\/\/test5.cart.sk\/wp-content\/uploads\/2022\/02\/letisko-krakow-370x370-1.png 370w, https:\/\/test5.cart.sk\/wp-content\/uploads\/2022\/02\/letisko-krakow-370x370-1-100x100.png 100w, https:\/\/test5.cart.sk\/wp-content\/uploads\/2022\/02\/letisko-krakow-370x370-1-300x300.png 300w, https:\/\/test5.cart.sk\/wp-content\/uploads\/2022\/02\/letisko-krakow-370x370-1-150x150.png 150w, https:\/\/test5.cart.sk\/wp-content\/uploads\/2022\/02\/letisko-krakow-370x370-1-12x12.png 12w\" sizes=\"auto, (max-width: 370px) 100vw, 370px\" \/><div class=\"carousel-slider__caption\"><h4 class=\"title\">Kakow<\/h4><\/div><\/a><\/div>\n<div class=\"carousel-slider__item\"><a  href=\"https:\/\/test5.cart.sk\/en\/vienna\/\" target=\"_self\"><img loading=\"lazy\" decoding=\"async\" width=\"370\" height=\"370\" src=\"https:\/\/test5.cart.sk\/wp-content\/uploads\/2022\/02\/letisko-wien-370x370-1.png\" class=\"attachment-medium_large size-medium_large\" alt=\"\" srcset=\"https:\/\/test5.cart.sk\/wp-content\/uploads\/2022\/02\/letisko-wien-370x370-1.png 370w, https:\/\/test5.cart.sk\/wp-content\/uploads\/2022\/02\/letisko-wien-370x370-1-100x100.png 100w, https:\/\/test5.cart.sk\/wp-content\/uploads\/2022\/02\/letisko-wien-370x370-1-300x300.png 300w, https:\/\/test5.cart.sk\/wp-content\/uploads\/2022\/02\/letisko-wien-370x370-1-150x150.png 150w, https:\/\/test5.cart.sk\/wp-content\/uploads\/2022\/02\/letisko-wien-370x370-1-12x12.png 12w\" sizes=\"auto, (max-width: 370px) 100vw, 370px\" \/><div class=\"carousel-slider__caption\"><h4 class=\"title\">Wien<\/h4><\/div><\/a><\/div>\n<\/div><!-- .carousel-slider-2609 -->\n<\/div><!-- .carousel-slider-outer-2609 -->\n\n\n\t\t<\/div>\n\t<\/div>\n<\/div><\/div><\/div><\/div><\/div>","protected":false},"excerpt":{"rendered":"Sme tu pre V\u00e1s Po\u0161lite n\u00e1m spr\u00e1vu a my odpovieme do 10. min\u00fat Sa-Cars Autopo\u017ei\u010dov\u0148a Ko\u0161ice Tel.: +421 948 844 412 Email:\u00a0rent@sa-cars.sk Mlyn\u00e1rska 15, Ko\u0161ice 040 01 Pondelok \u2013 Piatok: 08:00 \u2013 16:30 Radi V\u00e1s obsl\u00fa\u017eime aj mimo otv\u00e1rac\u00edch hod\u00edn Vozidlo v\u00e1m pristav\u00edme na ak\u00fako\u013evek adresu v r\u00e1mci Slovenska. Autopo\u017ei\u010dov\u0148a \/ Letisko Nach\u00e1dzame sa v [...]","protected":false},"author":1,"featured_media":0,"parent":0,"menu_order":0,"comment_status":"closed","ping_status":"closed","template":"","meta":{"footnotes":""},"class_list":["post-664","page","type-page","status-publish","hentry"],"_links":{"self":[{"href":"https:\/\/test5.cart.sk\/en\/wp-json\/wp\/v2\/pages\/664","targetHints":{"allow":["GET"]}}],"collection":[{"href":"https:\/\/test5.cart.sk\/en\/wp-json\/wp\/v2\/pages"}],"about":[{"href":"https:\/\/test5.cart.sk\/en\/wp-json\/wp\/v2\/types\/page"}],"author":[{"embeddable":true,"href":"https:\/\/test5.cart.sk\/en\/wp-json\/wp\/v2\/users\/1"}],"replies":[{"embeddable":true,"href":"https:\/\/test5.cart.sk\/en\/wp-json\/wp\/v2\/comments?post=664"}],"version-history":[{"count":20,"href":"https:\/\/test5.cart.sk\/en\/wp-json\/wp\/v2\/pages\/664\/revisions"}],"predecessor-version":[{"id":2621,"href":"https:\/\/test5.cart.sk\/en\/wp-json\/wp\/v2\/pages\/664\/revisions\/2621"}],"wp:attachment":[{"href":"https:\/\/test5.cart.sk\/en\/wp-json\/wp\/v2\/media?parent=664"}],"curies":[{"name":"wp","href":"https:\/\/api.w.org\/{rel}","templated":true}]}}