{"id":1584,"date":"2021-12-08T17:59:24","date_gmt":"2021-12-08T16:59:24","guid":{"rendered":"https:\/\/test5.cart.sk\/?post_type=product&#038;p=1584"},"modified":"2022-01-21T05:30:43","modified_gmt":"2022-01-21T04:30:43","slug":"skoda-kodiaq-dsg-automat","status":"publish","type":"product","link":"https:\/\/test5.cart.sk\/en\/shop\/skoda-kodiaq-dsg-automat\/","title":{"rendered":"Skoda Kodiaq"},"content":{"rendered":"<p><strong>Po\u017ei\u010diame V\u00e1m auto \u0160koda Kodiaq DSG<\/strong> &#8211; automat, farba biela, 110kw, benz\u00edn na kr\u00e1tkodob\u00fd pren\u00e1jom. Po\u017ei\u010dajte si auto s denn\u00edm limitom a\u017e 300km\/de\u0148 za skvel\u00fa cenu. Auto pon\u00faka dostatok priestoru pre cestuj\u00facich a ich bato\u017einu. Po\u017ei\u010dajte si auto \u0160koda Kodiaq z ko\u0161ickej autopo\u017ei\u010dovni Sa-Cars u\u017e od 48,60\u20ac\/de\u0148<div class=\"show_more\"><p class=\"wpsm-show\" style=\"color: #cc0000; font-size: 100%; text-align: left;\"> Show more<\/p><div class=\"wpsm-content\">\n<h2>Price list:<\/h2>\n<h3>VEHICLE RENTAL:<\/h3>\n<p>1.de\u0148 &#8211; 69,60 \u20ac\/de\u0148<br \/>\n2-3 dni &#8211; 63 \u20ac\/de\u0148<br \/>\n4-7 dni &#8211; 58,80 \u20ac\/de\u0148<br \/>\n8-14 dni &#8211; 56,10 \u20ac\/de\u0148<br \/>\n15-21 dni &#8211; 51,90 \u20ac\/de\u0148<br \/>\n22- 30 dni &#8211; 48,60 \u20ac\/de\u0148<\/p>\n<h3>DEPOSIT:<\/h3>\n<p>300,-\u20ac<\/p>\n<p>After returning undamaged vehicle is this <em>backup\u00a0<\/em>a full refund of the back.<\/p>\n<h2>The necessary documents for vehicle rental:<\/h2>\n<h3>NATURAL PERSON:<\/h3>\n<ul>\n<li>A valid id card or passport<\/li>\n<li>Driver&#039;s license (you must be a holder of at least 1 year)<\/li>\n<li>Valid third document (credit\/debit card)<\/li>\n<li>Minimum age of driver \u2013 18 years<\/li>\n<\/ul>\n<h3>LEGAL PERSON:<\/h3>\n<ul>\n<li>A valid extract from the commercial register<\/li>\n<li>A valid id and driver&#039;s license of the person who will drive the car<\/li>\n<li>Contract for the rental of the vehicle shall be signed by the managing director of the company, or him, to the person entitled<\/li>\n<\/ul>\n<h2>Payment terms<\/h2>\n<p>The payment for the rental takes place via the payment\/credit card, however in rare cases it is possible by mutual agreement in advance of payment in cash. The client pays the amount for the vehicle rental and refundable deposit, which depends on type of vehicle. The deposit serves as a deductible for the case of an accident caused by the lessee. After returning undamaged vehicle, this deposit in the full amount refunded back to the lessee. In the case of credit card payments the lessee pays the amount for the rental and refundable deposit, which he block on the account (on the toe-out (backup it is possible to use a salary.card, VISA ELEKTRON, and MAESTRO). After returning undamaged vehicle backup uvo\u013en\u00edme.<\/p>\n<p>The operating time of the car rental company is 365 days in a year, during working days from 8.00 \u2013 16.30 and on weekends at other times after individual agreement(24 hours a day). Autovermietung-Cars has been in the rental price included emergency and statutory vehicle insurance for states of the EU, the tires according to the season, highway sticker for SR. The prices indicated in our price list are already there are no additional (hidden) fees.<br \/>\n <p class=\"wpsm-hide\" style=\"color: #cc0000; font-size: 100%; text-align: left;\"> Show less<\/p><\/div><\/div>","protected":false},"excerpt":{"rendered":"<p>Po\u017ei\u010diame V\u00e1m auto \u0160koda Kodiaq DSG &#8211; automat, farba biela, 110kw, benz\u00edn na kr\u00e1tkodob\u00fd pren\u00e1jom. Po\u017ei\u010dajte si auto s denn\u00edm limitom a\u017e 300km\/de\u0148 za skvel\u00fa cenu. Auto pon\u00faka dostatok priestoru pre cestuj\u00facich a ich bato\u017einu. Po\u017ei\u010dajte si auto \u0160koda Kodiaq z ko\u0161ickej autopo\u017ei\u010dovni Sa-Cars u\u017e od 48,60\u20ac\/de\u0148<\/p>","protected":false},"featured_media":1585,"template":"","meta":[],"product_cat":[88],"product_tag":[],"pohon":[272],"prevodovka":[269],"class_list":["post-1584","product","type-product","status-publish","has-post-thumbnail","hentry","product_cat-suv","pohon-benzin","prevodovka-automaticka"],"_links":{"self":[{"href":"https:\/\/test5.cart.sk\/en\/wp-json\/wp\/v2\/product\/1584","targetHints":{"allow":["GET"]}}],"collection":[{"href":"https:\/\/test5.cart.sk\/en\/wp-json\/wp\/v2\/product"}],"about":[{"href":"https:\/\/test5.cart.sk\/en\/wp-json\/wp\/v2\/types\/product"}],"wp:featuredmedia":[{"embeddable":true,"href":"https:\/\/test5.cart.sk\/en\/wp-json\/wp\/v2\/media\/1585"}],"wp:attachment":[{"href":"https:\/\/test5.cart.sk\/en\/wp-json\/wp\/v2\/media?parent=1584"}],"wp:term":[{"taxonomy":"product_cat","embeddable":true,"href":"https:\/\/test5.cart.sk\/en\/wp-json\/wp\/v2\/product_cat?post=1584"},{"taxonomy":"product_tag","embeddable":true,"href":"https:\/\/test5.cart.sk\/en\/wp-json\/wp\/v2\/product_tag?post=1584"},{"taxonomy":"pohon","embeddable":true,"href":"https:\/\/test5.cart.sk\/en\/wp-json\/wp\/v2\/pohon?post=1584"},{"taxonomy":"prevodovka","embeddable":true,"href":"https:\/\/test5.cart.sk\/en\/wp-json\/wp\/v2\/prevodovka?post=1584"}],"curies":[{"name":"wp","href":"https:\/\/api.w.org\/{rel}","templated":true}]}}