{"id":461,"date":"2017-03-11T08:06:08","date_gmt":"2017-03-11T08:06:08","guid":{"rendered":"http:\/\/turbowp.redqteam.com\/?post_type=product&#038;p=461"},"modified":"2022-01-24T22:53:26","modified_gmt":"2022-01-24T21:53:26","slug":"skoda-citigo","status":"publish","type":"product","link":"https:\/\/test5.cart.sk\/en\/shop\/skoda-citigo\/","title":{"rendered":"Skoda Citigo"},"content":{"rendered":"<h3 class=\"st-section-title\">Preh\u013ead:<\/h3>\n<div class=\"st-description open\" data-toggle-section=\"st-description\" data-show-all=\"st-description\" data-height=\"120\">\n<div class=\"vc_row wpb_row st bg-holder\"><strong>Po\u017ei\u010diame V\u00e1m auto \u0160koda Citigo<\/strong>\u00a0\u2013 farba biela 55kw benz\u00edn na kr\u00e1tkodob\u00fd pren\u00e1jom. Po\u017ei\u010dajte si auto s denn\u00edm limitom a\u017e 300km\/de\u0148 za skvel\u00fa cenu.<\/div>\n<p>Auto pon\u00faka dostatok priestoru pre cestuj\u00facich a ich bato\u017einu. Po\u017ei\u010dajte si auto z Ko\u0161ickej autopo\u017ei\u010dovni Sa-Cars u\u017e od 19,20\u20ac\/de\u0148<div class=\"show_more\"><p class=\"wpsm-show\" style=\"color: #cc0000; font-size: 100%; text-align: left;\"> Show more<\/p><div class=\"wpsm-content\">\n<h2>Price list:<\/h2>\n<h3>VEHICLE RENTAL:<\/h3>\n<p>1.de\u0148 \u2013 27 \u20ac\/de\u0148<br \/>\n2-3 dni \u2013 24,30 \u20ac\/de\u0148<br \/>\n4-7 dni \u2013 22,80 \u20ac\/de\u0148<br \/>\n8-14 dni \u2013 21,60 \u20ac\/de\u0148<br \/>\n15-21 dni \u2013 20,10 \u20ac\/de\u0148<br \/>\n22- 30 dni \u2013 19,20 \u20ac\/de\u0148<\/p>\n<h3>DEPOSIT:<\/h3>\n<p>300,-\u20ac<\/p>\n<p>After returning undamaged vehicle is this\u00a0<em>backup\u00a0<\/em>a full refund of the back.<\/p>\n<h2>The necessary documents for vehicle rental:<\/h2>\n<h3>NATURAL PERSON:<\/h3>\n<ul>\n<li>A valid id card or passport<\/li>\n<li>Driver&#039;s license (you must be a holder of at least 1 year)<\/li>\n<li>Valid third document (credit\/debit card)<\/li>\n<li>Minimum age of driver \u2013 18 years<\/li>\n<\/ul>\n<h3>LEGAL PERSON:<\/h3>\n<ul>\n<li>A valid extract from the commercial register<\/li>\n<li>A valid id and driver&#039;s license of the person who will drive the car<\/li>\n<li>Contract for the rental of the vehicle shall be signed by the managing director of the company, or him, to the person entitled<\/li>\n<\/ul>\n<h2>Payment terms<\/h2>\n<p>Platba za pren\u00e1jom prebieha prostredn\u00edctvom platobnej\/kreditnej karty, av\u0161ak v ojedinel\u00fdch pr\u00edpadoch je mo\u017en\u00e9 po vz\u00e1jomnej dohode vopred platbu realizova\u0165 aj v hotovosti. Klient hrad\u00ed \u010diastku za pren\u00e1jom vozidla a vratn\u00fa z\u00e1lohu, ktor\u00e1 sa diferencuje v z\u00e1vislosti od druhu vozidla. Z\u00e1loha sl\u00fa\u017ei ako spolu\u00fa\u010das\u0165 pre pr\u00edpad nehody sp\u00f4sobenej n\u00e1jomcom. Po vr\u00e1ten\u00ed nepo\u0161koden\u00e9ho vozidla je t\u00e1to z\u00e1loha v plnej v\u00fd\u0161ke vr\u00e1ten\u00e1 sp\u00e4\u0165 n\u00e1jomcovi. V pr\u00edpade platby kreditnou kartou n\u00e1jomca hrad\u00ed \u010diastku za pren\u00e1jom a vratn\u00fa z\u00e1lohu, ktor\u00fa mu zablokujeme na \u00fa\u010dte (na blok\u00e1ciu vratnej z\u00e1lohy nie je mo\u017en\u00e9 pou\u017ei\u0165 plat.kartu VISA ELEKTRON a MAESTRO). Po vr\u00e1ten\u00ed nepo\u0161koden\u00e9ho vozidla z\u00e1lohu uvo\u013en\u00edme.<\/p>\n<p>Prev\u00e1dzkov\u00fd \u010das autopo\u017ei\u010dovne je 365 dn\u00ed v roku, po\u010das pracovn\u00fdch dn\u00ed od 8.00 \u2013 16.30 a po\u010das v\u00edkendov v ostatn\u00fdch \u010dasoch po individu\u00e1lnej dohode(24 hod\u00edn denne). Autopo\u017ei\u010dov\u0148a Sa-Cars m\u00e1 u\u017e v cene pren\u00e1jmu zahrnut\u00e9 havarijn\u00e9 a z\u00e1konn\u00e9 poistenie vozidiel pre \u0161t\u00e1ty E\u00da, pneumatiky pod\u013ea sez\u00f3ny, dia\u013eni\u010dn\u00fa n\u00e1lepku pre SR. K cen\u00e1m uveden\u00fdm v na\u0161om cenn\u00edku sa u\u017e ne\u00fa\u010dtuj\u00fa \u017eiadne \u010fal\u0161ie (skryt\u00e9) poplatky.<br \/>\n <p class=\"wpsm-hide\" style=\"color: #cc0000; font-size: 100%; text-align: left;\"> Show less<\/p><\/div><\/div>\n<\/div>","protected":false},"excerpt":{"rendered":"<p>Preh\u013ead: Po\u017ei\u010diame V\u00e1m auto \u0160koda Citigo\u00a0\u2013 farba biela 55kw benz\u00edn na kr\u00e1tkodob\u00fd pren\u00e1jom. Po\u017ei\u010dajte si auto s denn\u00edm limitom a\u017e 300km\/de\u0148 za skvel\u00fa cenu. Auto pon\u00faka dostatok priestoru pre cestuj\u00facich a ich bato\u017einu. Po\u017ei\u010dajte si auto z Ko\u0161ickej autopo\u017ei\u010dovni Sa-Cars u\u017e od 19,20\u20ac\/de\u0148<\/p>","protected":false},"featured_media":1501,"template":"","meta":[],"product_cat":[42,63],"product_tag":[],"pohon":[272],"prevodovka":[271],"class_list":["post-461","product","type-product","status-publish","has-post-thumbnail","hentry","product_cat-economy","product_cat-hatchbak","pohon-benzin","prevodovka-manualna"],"_links":{"self":[{"href":"https:\/\/test5.cart.sk\/en\/wp-json\/wp\/v2\/product\/461","targetHints":{"allow":["GET"]}}],"collection":[{"href":"https:\/\/test5.cart.sk\/en\/wp-json\/wp\/v2\/product"}],"about":[{"href":"https:\/\/test5.cart.sk\/en\/wp-json\/wp\/v2\/types\/product"}],"wp:featuredmedia":[{"embeddable":true,"href":"https:\/\/test5.cart.sk\/en\/wp-json\/wp\/v2\/media\/1501"}],"wp:attachment":[{"href":"https:\/\/test5.cart.sk\/en\/wp-json\/wp\/v2\/media?parent=461"}],"wp:term":[{"taxonomy":"product_cat","embeddable":true,"href":"https:\/\/test5.cart.sk\/en\/wp-json\/wp\/v2\/product_cat?post=461"},{"taxonomy":"product_tag","embeddable":true,"href":"https:\/\/test5.cart.sk\/en\/wp-json\/wp\/v2\/product_tag?post=461"},{"taxonomy":"pohon","embeddable":true,"href":"https:\/\/test5.cart.sk\/en\/wp-json\/wp\/v2\/pohon?post=461"},{"taxonomy":"prevodovka","embeddable":true,"href":"https:\/\/test5.cart.sk\/en\/wp-json\/wp\/v2\/prevodovka?post=461"}],"curies":[{"name":"wp","href":"https:\/\/api.w.org\/{rel}","templated":true}]}}